{"id":113,"date":"2019-04-14T09:38:36","date_gmt":"2019-04-14T06:38:36","guid":{"rendered":"http:\/\/degerlendirmemerkezinehazirlik.com\/?page_id=113"},"modified":"2024-05-30T18:11:54","modified_gmt":"2024-05-30T15:11:54","slug":"vaka-analizi","status":"publish","type":"page","link":"https:\/\/degerlendirmemerkezinehazirlik.com\/index.php\/vaka-analizi\/","title":{"rendered":"Vaka Analizi"},"content":{"rendered":"[vc_row][vc_column width=&#8221;1\/2&#8243;][vc_single_image image=&#8221;4986&#8243;][\/vc_column][vc_column width=&#8221;1\/2&#8243;]<div class=\"vcex-module vcex-teaser\"><div class=\"vcex-teaser-content\"><h2 class=\"vcex-teaser-heading wpex-heading wpex-text-lg\" style=\"color:#000000;font-size:24px;\">Vaka Analizi ve Sunum<\/h2><div class=\"vcex-teaser-text wpex-mt-10 wpex-last-mb-0 wpex-clr\" style=\"font-size:14px;\"><p>Vaka Analizi, bir \u015firketle ilgili bilgilerin analiz edilmesine y\u00f6nelik olabilece\u011fi gibi kat\u0131l\u0131mc\u0131n\u0131n kendi \u00e7al\u0131\u015ft\u0131\u011f\u0131 b\u00f6l\u00fcm ve sorumluluk alan\u0131 ile ilgili bir proje verisinin sunum olarak haz\u0131rlanmas\u0131na y\u00f6nelik olabilir.<\/p>\n<p>Kat\u0131l\u0131mc\u0131n\u0131n \u015firketle ilgili say\u0131sal ve s\u00f6zel verileri incelemesi, mevcut durumla ilgili SWOT analizi yapmas\u0131 ve geli\u015fim alanlar\u0131na y\u00f6nelik stratejik aksiyonlar\u0131 planlamas\u0131 beklenir.<\/p>\n<p><strong>Haz\u0131rl\u0131k S\u00fcresi:<\/strong> 45-60 dk<\/p>\n<p><strong>Sunum:<\/strong> 15 &#8211; 20 dk<\/p>\n<\/div><\/div><\/div>[\/vc_column][\/vc_row][vc_row][vc_column width=&#8221;1\/2&#8243;]<div class=\"vcex-module vcex-teaser\"><div class=\"vcex-teaser-content\"><h2 class=\"vcex-teaser-heading wpex-heading wpex-text-lg\" style=\"color:#000000;font-size:24px;\">De\u011ferlendirilen Yetkinlikler<\/h2><div class=\"vcex-teaser-text wpex-mt-10 wpex-last-mb-0 wpex-clr\" style=\"font-size:14px;\"><p><strong>Vaka Analizi A\u015famas\u0131: <\/strong>Okudu\u011funu Do\u011fru Anlama, S\u00f6zel ve Say\u0131sal Veri Analizi, Neden-Sonu\u00e7 \u00c7\u0131kar\u0131m\u0131 Yapma, Karar Alma, Stres Y\u00f6netimi, Strateji Olu\u015fturma, \u0130\u015f Plan\u0131 Yapma, Sonuca Y\u00f6nelik Olma, \u0130\u015f Zekas\u0131, Ticari Bak\u0131\u015f A\u00e7\u0131s\u0131<\/p>\n<p><strong>Sunum A\u015famas\u0131: <\/strong>Fikirlerini Etkili \u0130fade Etme, \u0130kna Etme, Sorular\u0131 Etkin Yan\u0131tlama, Beden Dili, Esneklik, Kararl\u0131l\u0131k, Sunum Teknikleri<\/p>\n<\/div><\/div><\/div>[\/vc_column][vc_column width=&#8221;1\/2&#8243;]<div class=\"vcex-module vcex-teaser\"><div class=\"vcex-teaser-content\"><h2 class=\"vcex-teaser-heading wpex-heading wpex-text-lg\" style=\"color:#000000;font-size:24px;\">Uzman Oldu\u011fumuz Sekt\u00f6rler ve Pozisyonlar<\/h2><div class=\"vcex-teaser-text wpex-mt-10 wpex-last-mb-0 wpex-clr\" style=\"font-size:14px;\"><p><strong>De\u011ferlendirme Yapt\u0131\u011f\u0131m\u0131z Pozisyonlar ve Uzmanl\u0131klar: <\/strong>\u00dcst Y\u00f6netim, Direkt\u00f6r Pozisyonu, Grup M\u00fcd\u00fcr\u00fc, B\u00f6lge M\u00fcd\u00fcr\u00fc, Sat\u0131\u015f M\u00fcd\u00fcr\u00fc, M\u00fcd\u00fcr Pozisyonu, K\u0131demli Uzman, Tak\u0131m Lideri, Sat\u0131\u015f Lideri, K\u0131demli Uzman<\/p>\n<p><strong>Uzman Oldu\u011fumuz Sekt\u00f6rler: <\/strong>Bankac\u0131l\u0131k Sekt\u00f6r\u00fc, Sigorta Sekt\u00f6r\u00fc, \u0130la\u00e7 Sekt\u00f6r\u00fc, Enerji Sekt\u00f6r\u00fc, \u00dcretim, Havac\u0131l\u0131k Sekt\u00f6r\u00fc, Perakende Sekt\u00f6r\u00fc<\/p>\n<p>&nbsp;<\/p>\n<\/div><\/div><\/div>[\/vc_column][\/vc_row][vc_row][vc_column][vc_video link=&#8221;https:\/\/www.youtube.com\/watch?v=Up0sC7murz4&#038;t=505s&#8221; title=&#8221;Vaka Analizi Sunum Haz\u0131rl\u0131k&#8221;][\/vc_column][\/vc_row][vc_row][vc_column][vc_cta h2=&#8221;Vaka Analizi ve Sunum Haz\u0131rl\u0131k&#8221; color=&#8221;white&#8221; css=&#8221;.vc_custom_1717079178651{background-color: #f96509 !important;}&#8221;]<span class=\"white-text\">Vaka Analizi ve Sunum Haz\u0131rl\u0131k \u00e7al\u0131\u015fmam\u0131zla de\u011ferlendirme merkezi \u00e7al\u0131\u015fmam\u0131za kat\u0131l\u0131m g\u00f6stermek i\u00e7in dan\u0131\u015fmanlar\u0131m\u0131zla ileti\u015fime ge\u00e7ebilirsiniz.<\/strong>[\/vc_cta][\/vc_column][\/vc_row]\n","protected":false},"excerpt":{"rendered":"<p>[vc_row][vc_column width=&#8221;1\/2&#8243;][vc_single_image image=&#8221;4986&#8243;][\/vc_column][vc_column width=&#8221;1\/2&#8243;][\/vc_column][\/vc_row][vc_row][vc_column width=&#8221;1\/2&#8243;][\/vc_column][vc_column width=&#8221;1\/2&#8243;][\/vc_column][\/vc_row][vc_row][vc_column][vc_video link=&#8221;https:\/\/www.youtube.com\/watch?v=Up0sC7murz4&#038;t=505s&#8221; title=&#8221;Vaka Analizi Sunum Haz\u0131rl\u0131k&#8221;][\/vc_column][\/vc_row][vc_row][vc_column][vc_cta h2=&#8221;Vaka Analizi ve Sunum Haz\u0131rl\u0131k&#8221; color=&#8221;white&#8221; css=&#8221;.vc_custom_1717079178651{background-color: #f96509 !important;}&#8221;]Vaka Analizi ve Sunum Haz\u0131rl\u0131k \u00e7al\u0131\u015fmam\u0131zla de\u011ferlendirme merkezi \u00e7al\u0131\u015fmam\u0131za kat\u0131l\u0131m g\u00f6stermek i\u00e7in dan\u0131\u015fmanlar\u0131m\u0131zla ileti\u015fime ge\u00e7ebilirsiniz.[\/vc_cta][\/vc_column][\/vc_row]<\/p>\n","protected":false},"author":1,"featured_media":0,"parent":0,"menu_order":0,"comment_status":"closed","ping_status":"closed","template":"","meta":[],"_links":{"self":[{"href":"https:\/\/degerlendirmemerkezinehazirlik.com\/index.php\/wp-json\/wp\/v2\/pages\/113"}],"collection":[{"href":"https:\/\/degerlendirmemerkezinehazirlik.com\/index.php\/wp-json\/wp\/v2\/pages"}],"about":[{"href":"https:\/\/degerlendirmemerkezinehazirlik.com\/index.php\/wp-json\/wp\/v2\/types\/page"}],"author":[{"embeddable":true,"href":"https:\/\/degerlendirmemerkezinehazirlik.com\/index.php\/wp-json\/wp\/v2\/users\/1"}],"replies":[{"embeddable":true,"href":"https:\/\/degerlendirmemerkezinehazirlik.com\/index.php\/wp-json\/wp\/v2\/comments?post=113"}],"version-history":[{"count":16,"href":"https:\/\/degerlendirmemerkezinehazirlik.com\/index.php\/wp-json\/wp\/v2\/pages\/113\/revisions"}],"predecessor-version":[{"id":5984,"href":"https:\/\/degerlendirmemerkezinehazirlik.com\/index.php\/wp-json\/wp\/v2\/pages\/113\/revisions\/5984"}],"wp:attachment":[{"href":"https:\/\/degerlendirmemerkezinehazirlik.com\/index.php\/wp-json\/wp\/v2\/media?parent=113"}],"curies":[{"name":"wp","href":"https:\/\/api.w.org\/{rel}","templated":true}]}}