{"id":118,"date":"2019-04-14T09:39:57","date_gmt":"2019-04-14T06:39:57","guid":{"rendered":"http:\/\/degerlendirmemerkezinehazirlik.com\/?page_id=118"},"modified":"2024-05-30T17:32:26","modified_gmt":"2024-05-30T14:32:26","slug":"rol-calismasi","status":"publish","type":"page","link":"https:\/\/degerlendirmemerkezinehazirlik.com\/index.php\/rol-calismasi\/","title":{"rendered":"Rol \u00c7al\u0131\u015fmas\u0131"},"content":{"rendered":"[vc_row][vc_column width=&#8221;1\/2&#8243;][vc_single_image image=&#8221;4984&#8243;][\/vc_column][vc_column width=&#8221;1\/2&#8243;]<div class=\"vcex-module vcex-teaser\"><div class=\"vcex-teaser-content\"><h2 class=\"vcex-teaser-heading wpex-heading wpex-text-lg\" style=\"color:#000000;font-size:24px;\">Rol \u00c7al\u0131\u015fmas\u0131<\/h2><div class=\"vcex-teaser-text wpex-mt-10 wpex-last-mb-0 wpex-clr\" style=\"font-size:14px;\"><p>Rol \u00c7al\u0131\u015fmas\u0131, bir \u00e7al\u0131\u015fan, y\u00f6netici, i\u015f arkada\u015f\u0131 veya m\u00fc\u015fteri ile vakada verilen konunun m\u00fczakere edilmesi, ki\u015filer aras\u0131nda ya\u015fanan problemin \u00e7\u00f6z\u00fcm\u00fc ile ilgili kar\u015f\u0131l\u0131kl\u0131 yap\u0131lan bir i\u015f g\u00f6r\u00fc\u015fmesi veya toplant\u0131d\u0131r. G\u00f6r\u00fc\u015fme sonunda problemin \u00e7\u00f6z\u00fcm\u00fcne y\u00f6nelik mutabakat sa\u011flayarak g\u00f6r\u00fc\u015fmenin tamamlamas\u0131 beklenir.<\/p>\n<p>Kat\u0131l\u0131mc\u0131 kendisine verilen vakadaki bilgileri okuyup g\u00f6r\u00fc\u015fmeye haz\u0131rlan\u0131r ve rol oyuncusu rol\u00fcndeki dan\u0131\u015fmanla belirlenen s\u00fcre i\u00e7inde toplant\u0131 ger\u00e7ekle\u015ftirerek konunun \u00e7\u00f6z\u00fcm\u00fcne y\u00f6nelik aksiyonlar\u0131 planlamas\u0131 beklenir.<\/p>\n<p><strong>Haz\u0131rl\u0131k S\u00fcresi:<\/strong> 20-30 dk<\/p>\n<p><strong>Toplant\u0131:<\/strong> 15 &#8211; 20 dk<\/p>\n<\/div><\/div><\/div>[\/vc_column][\/vc_row][vc_row][vc_column width=&#8221;1\/2&#8243;]<div class=\"vcex-module vcex-teaser\"><div class=\"vcex-teaser-content\"><h2 class=\"vcex-teaser-heading wpex-heading wpex-text-lg\" style=\"color:#000000;font-size:24px;\">De\u011ferlendirilen Yetkinlikler<\/h2><div class=\"vcex-teaser-text wpex-mt-10 wpex-last-mb-0 wpex-clr\" style=\"font-size:14px;\"><p><strong>Rol Oyunu A\u015famas\u0131: <\/strong>Fikirlerini Etkili \u0130fade Etme, Soru Sorma, Dinleme, \u0130kna Etme, Toplant\u0131 Y\u00f6netimi, Sorular\u0131 Etkin Yan\u0131tlama, Beden Dili, Esneklik, Kararl\u0131l\u0131k, \u00c7\u00f6z\u00fcme Ula\u015fma<\/p>\n<\/div><\/div><\/div>[\/vc_column][vc_column width=&#8221;1\/2&#8243;]<div class=\"vcex-module vcex-teaser\"><div class=\"vcex-teaser-content\"><h2 class=\"vcex-teaser-heading wpex-heading wpex-text-lg\" style=\"color:#000000;font-size:24px;\">Uzman Oldu\u011fumuz Sekt\u00f6rler ve Pozisyonlar<\/h2><div class=\"vcex-teaser-text wpex-mt-10 wpex-last-mb-0 wpex-clr\" style=\"font-size:14px;\"><ul>\n<li><strong>De\u011ferlendirme Yapt\u0131\u011f\u0131m\u0131z Pozisyonlar ve Uzmanl\u0131klar: <\/strong>\u00dcst Y\u00f6netim, Direkt\u00f6r Pozisyonu, Grup M\u00fcd\u00fcr\u00fc, B\u00f6lge M\u00fcd\u00fcr\u00fc, Sat\u0131\u015f M\u00fcd\u00fcr\u00fc, M\u00fcd\u00fcr Pozisyonu, K\u0131demli Uzman, Tak\u0131m Lideri, Sat\u0131\u015f Lideri, K\u0131demli Uzman\n<p><strong>Uzman Oldu\u011fumuz Sekt\u00f6rler: <\/strong>Bankac\u0131l\u0131k Sekt\u00f6r\u00fc, Sigorta Sekt\u00f6r\u00fc, \u0130la\u00e7 Sekt\u00f6r\u00fc, Enerji Sekt\u00f6r\u00fc, \u00dcretim, Havac\u0131l\u0131k Sekt\u00f6r\u00fc, Perakende Sekt\u00f6r\u00fc<\/li>\n<\/ul>\n<\/div><\/div><\/div>[\/vc_column][\/vc_row][vc_row][vc_column width=&#8221;1\/2&#8243;][vc_video link=&#8221;https:\/\/www.youtube.com\/watch?v=GeUON2T-v4U&#038;t=306s&#8221; title=&#8221;Rol \u00c7al\u0131\u015fmas\u0131 Haz\u0131rl\u0131k&#8221;][\/vc_column][vc_column width=&#8221;1\/2&#8243;][vc_video link=&#8221;https:\/\/www.youtube.com\/watch?v=3ejeAmLWB0c&#8221; title=&#8221;Rol \u00c7al\u0131\u015fmas\u0131 \u00c7al\u0131\u015fan Geribildirim G\u00f6r\u00fc\u015fmesi&#8221;][\/vc_column][\/vc_row][vc_row][vc_column][vc_cta h2=&#8221;Rol \u00c7al\u0131\u015fmas\u0131 De\u011ferlendirme Merkezine Haz\u0131rl\u0131k&#8221; color=&#8221;white&#8221; css=&#8221;.vc_custom_1717079453963{background-color: #f96509 !important;}&#8221;]<span class=\"white-text\">Rol \u00c7al\u0131\u015fmas\u0131 Haz\u0131rl\u0131k \u00e7al\u0131\u015fmam\u0131zla de\u011ferlendirme merkezi \u00e7al\u0131\u015fmam\u0131za kat\u0131l\u0131m g\u00f6stermek i\u00e7in dan\u0131\u015fmanlar\u0131m\u0131zla ileti\u015fime ge\u00e7ebilirsiniz.<\/span>[\/vc_cta][\/vc_column][\/vc_row]\n","protected":false},"excerpt":{"rendered":"<p>[vc_row][vc_column width=&#8221;1\/2&#8243;][vc_single_image image=&#8221;4984&#8243;][\/vc_column][vc_column width=&#8221;1\/2&#8243;][\/vc_column][\/vc_row][vc_row][vc_column width=&#8221;1\/2&#8243;][\/vc_column][vc_column width=&#8221;1\/2&#8243;][\/vc_column][\/vc_row][vc_row][vc_column width=&#8221;1\/2&#8243;][vc_video link=&#8221;https:\/\/www.youtube.com\/watch?v=GeUON2T-v4U&#038;t=306s&#8221; title=&#8221;Rol \u00c7al\u0131\u015fmas\u0131 Haz\u0131rl\u0131k&#8221;][\/vc_column][vc_column width=&#8221;1\/2&#8243;][vc_video link=&#8221;https:\/\/www.youtube.com\/watch?v=3ejeAmLWB0c&#8221; title=&#8221;Rol \u00c7al\u0131\u015fmas\u0131 \u00c7al\u0131\u015fan Geribildirim G\u00f6r\u00fc\u015fmesi&#8221;][\/vc_column][\/vc_row][vc_row][vc_column][vc_cta h2=&#8221;Rol \u00c7al\u0131\u015fmas\u0131 De\u011ferlendirme Merkezine Haz\u0131rl\u0131k&#8221; color=&#8221;white&#8221; css=&#8221;.vc_custom_1717079453963{background-color: #f96509 !important;}&#8221;]Rol \u00c7al\u0131\u015fmas\u0131 Haz\u0131rl\u0131k \u00e7al\u0131\u015fmam\u0131zla de\u011ferlendirme merkezi \u00e7al\u0131\u015fmam\u0131za kat\u0131l\u0131m g\u00f6stermek i\u00e7in dan\u0131\u015fmanlar\u0131m\u0131zla ileti\u015fime ge\u00e7ebilirsiniz.[\/vc_cta][\/vc_column][\/vc_row]<\/p>\n","protected":false},"author":1,"featured_media":0,"parent":0,"menu_order":0,"comment_status":"closed","ping_status":"closed","template":"","meta":[],"_links":{"self":[{"href":"https:\/\/degerlendirmemerkezinehazirlik.com\/index.php\/wp-json\/wp\/v2\/pages\/118"}],"collection":[{"href":"https:\/\/degerlendirmemerkezinehazirlik.com\/index.php\/wp-json\/wp\/v2\/pages"}],"about":[{"href":"https:\/\/degerlendirmemerkezinehazirlik.com\/index.php\/wp-json\/wp\/v2\/types\/page"}],"author":[{"embeddable":true,"href":"https:\/\/degerlendirmemerkezinehazirlik.com\/index.php\/wp-json\/wp\/v2\/users\/1"}],"replies":[{"embeddable":true,"href":"https:\/\/degerlendirmemerkezinehazirlik.com\/index.php\/wp-json\/wp\/v2\/comments?post=118"}],"version-history":[{"count":15,"href":"https:\/\/degerlendirmemerkezinehazirlik.com\/index.php\/wp-json\/wp\/v2\/pages\/118\/revisions"}],"predecessor-version":[{"id":5986,"href":"https:\/\/degerlendirmemerkezinehazirlik.com\/index.php\/wp-json\/wp\/v2\/pages\/118\/revisions\/5986"}],"wp:attachment":[{"href":"https:\/\/degerlendirmemerkezinehazirlik.com\/index.php\/wp-json\/wp\/v2\/media?parent=118"}],"curies":[{"name":"wp","href":"https:\/\/api.w.org\/{rel}","templated":true}]}}