{"id":127,"date":"2019-04-14T10:00:20","date_gmt":"2019-04-14T07:00:20","guid":{"rendered":"http:\/\/degerlendirmemerkezinehazirlik.com\/?page_id=127"},"modified":"2024-05-30T18:09:42","modified_gmt":"2024-05-30T15:09:42","slug":"bekleyen-isler","status":"publish","type":"page","link":"https:\/\/degerlendirmemerkezinehazirlik.com\/index.php\/bekleyen-isler\/","title":{"rendered":"Bekleyen \u0130\u015fler"},"content":{"rendered":"[vc_row][vc_column width=&#8221;1\/2&#8243;][vc_single_image image=&#8221;4982&#8243;][\/vc_column][vc_column width=&#8221;1\/2&#8243;]<div class=\"vcex-module vcex-teaser\"><div class=\"vcex-teaser-content\"><h2 class=\"vcex-teaser-heading wpex-heading wpex-text-lg\" style=\"color:#000000;font-size:24px;\">Bekleyen \u0130\u015fler ve Inbox<\/h2><div class=\"vcex-teaser-text wpex-mt-10 wpex-last-mb-0 wpex-clr\" style=\"font-size:14px;\"><p>Bekleyen \u0130\u015fler veya Inbox egzersizi,\u00a0 bir \u015firketle ilgili bekleyen i\u015fleri i\u00e7eren e-postalar\u0131n okunarak beklenen kararlar\u0131 almas\u0131, i\u015flerin \u00f6nem ve \u00f6ncelik seviyesini belirleyerek takvime bir zaman planlamas\u0131 yapmas\u0131 ve organizasyon \u015femas\u0131 i\u00e7inde yer alan ekibe i\u015fleri delege ederek g\u00f6revlendirme yapmas\u0131 beklenir.<\/p>\n<p>Kat\u0131l\u0131mc\u0131n\u0131n k\u0131s\u0131tl\u0131 s\u00fcre i\u00e7inde farkl\u0131 \u00f6ncelikteki i\u015fleri planlama becerisi g\u00f6stermesi, stresini etkin y\u00f6neterek kararlar\u0131 ile ilgili gerek\u00e7elerini ifade etmesi beklenir.<\/p>\n<p><strong>Haz\u0131rl\u0131k S\u00fcresi:<\/strong> 45-90 dk<\/p>\n<p><strong>Kararlar\u0131n Sunumu:<\/strong> 15 &#8211; 20 dk<\/p>\n<\/div><\/div><\/div>[\/vc_column][\/vc_row][vc_row][vc_column width=&#8221;1\/2&#8243;]<div class=\"vcex-module vcex-teaser\"><div class=\"vcex-teaser-content\"><h2 class=\"vcex-teaser-heading wpex-heading wpex-text-lg\" style=\"color:#000000;font-size:24px;\">De\u011ferlendirilen Yetkinlikler<\/h2><div class=\"vcex-teaser-text wpex-mt-10 wpex-last-mb-0 wpex-clr\" style=\"font-size:14px;\"><p><strong>Planlama A\u015famas\u0131: <\/strong>Okudu\u011funu Do\u011fru Anlama, Zaman Y\u00f6netimi, Delegasyon, Planlama, Sonuca Y\u00f6nelik Olma<\/p>\n<p><strong>Sunum A\u015famas\u0131: <\/strong>Fikirlerini Etkili \u0130fade Etme, \u0130kna Etme, Sorular\u0131 Etkin Yan\u0131tlama, Beden Dili, Esneklik, Kararl\u0131l\u0131k<\/p>\n<\/div><\/div><\/div>[\/vc_column][vc_column width=&#8221;1\/2&#8243;]<div class=\"vcex-module vcex-teaser\"><div class=\"vcex-teaser-content\"><h2 class=\"vcex-teaser-heading wpex-heading wpex-text-lg\" style=\"color:#000000;font-size:24px;\">Uzman Oldu\u011fumuz Sekt\u00f6rler ve Pozisyonlar<\/h2><div class=\"vcex-teaser-text wpex-mt-10 wpex-last-mb-0 wpex-clr\" style=\"font-size:14px;\"><ul>\n<li><strong>De\u011ferlendirme Yapt\u0131\u011f\u0131m\u0131z Pozisyonlar ve Uzmanl\u0131klar: <\/strong>\u00dcst Y\u00f6netim, Direkt\u00f6r Pozisyonu, Grup M\u00fcd\u00fcr\u00fc, B\u00f6lge M\u00fcd\u00fcr\u00fc, Sat\u0131\u015f M\u00fcd\u00fcr\u00fc, M\u00fcd\u00fcr Pozisyonu, K\u0131demli Uzman, Tak\u0131m Lideri, Sat\u0131\u015f Lideri, K\u0131demli Uzman<\/li>\n<li><strong>Uzman Oldu\u011fumuz Sekt\u00f6rler: <\/strong>Bankac\u0131l\u0131k Sekt\u00f6r\u00fc, Sigorta Sekt\u00f6r\u00fc, \u0130la\u00e7 Sekt\u00f6r\u00fc, Enerji Sekt\u00f6r\u00fc, \u00dcretim, Havac\u0131l\u0131k Sekt\u00f6r\u00fc, Perakende Sekt\u00f6r\u00fc<\/li>\n<\/ul>\n<\/div><\/div><\/div>[\/vc_column][\/vc_row][vc_row][vc_column][vc_video link=&#8221;https:\/\/www.youtube.com\/watch?v=fS6lVQssqAk&#038;t=72s&#8221; title=&#8221;Posta Kutusu Bekleyen \u0130\u015fler Haz\u0131rl\u0131k&#8221;][\/vc_column][\/vc_row][vc_row][vc_column][vc_cta h2=&#8221;Bekleyen \u0130\u015fler ve Posta Kutusu Haz\u0131rl\u0131k&#8221; color=&#8221;white&#8221; css=&#8221;.vc_custom_1717080798510{background-color: #f96509 !important;}&#8221;]<span class=\"white-text\">Posta Kutusu ve Bekleyen \u0130ler Haz\u0131rl\u0131k \u00e7al\u0131\u015fmam\u0131zla de\u011ferlendirme merkezi \u00e7al\u0131\u015fmam\u0131za kat\u0131l\u0131m g\u00f6stermek i\u00e7in dan\u0131\u015fmanlar\u0131m\u0131zla ileti\u015fime ge\u00e7ebilirsiniz.<\/span>[\/vc_cta][\/vc_column][\/vc_row]\n","protected":false},"excerpt":{"rendered":"<p>[vc_row][vc_column width=&#8221;1\/2&#8243;][vc_single_image image=&#8221;4982&#8243;][\/vc_column][vc_column width=&#8221;1\/2&#8243;][\/vc_column][\/vc_row][vc_row][vc_column width=&#8221;1\/2&#8243;][\/vc_column][vc_column width=&#8221;1\/2&#8243;][\/vc_column][\/vc_row][vc_row][vc_column][vc_video link=&#8221;https:\/\/www.youtube.com\/watch?v=fS6lVQssqAk&#038;t=72s&#8221; title=&#8221;Posta Kutusu Bekleyen \u0130\u015fler Haz\u0131rl\u0131k&#8221;][\/vc_column][\/vc_row][vc_row][vc_column][vc_cta h2=&#8221;Bekleyen \u0130\u015fler ve Posta Kutusu Haz\u0131rl\u0131k&#8221; color=&#8221;white&#8221; css=&#8221;.vc_custom_1717080798510{background-color: #f96509 !important;}&#8221;]Posta Kutusu ve Bekleyen \u0130ler Haz\u0131rl\u0131k \u00e7al\u0131\u015fmam\u0131zla de\u011ferlendirme merkezi \u00e7al\u0131\u015fmam\u0131za kat\u0131l\u0131m g\u00f6stermek i\u00e7in dan\u0131\u015fmanlar\u0131m\u0131zla ileti\u015fime ge\u00e7ebilirsiniz.[\/vc_cta][\/vc_column][\/vc_row]<\/p>\n","protected":false},"author":1,"featured_media":0,"parent":0,"menu_order":0,"comment_status":"closed","ping_status":"closed","template":"","meta":[],"_links":{"self":[{"href":"https:\/\/degerlendirmemerkezinehazirlik.com\/index.php\/wp-json\/wp\/v2\/pages\/127"}],"collection":[{"href":"https:\/\/degerlendirmemerkezinehazirlik.com\/index.php\/wp-json\/wp\/v2\/pages"}],"about":[{"href":"https:\/\/degerlendirmemerkezinehazirlik.com\/index.php\/wp-json\/wp\/v2\/types\/page"}],"author":[{"embeddable":true,"href":"https:\/\/degerlendirmemerkezinehazirlik.com\/index.php\/wp-json\/wp\/v2\/users\/1"}],"replies":[{"embeddable":true,"href":"https:\/\/degerlendirmemerkezinehazirlik.com\/index.php\/wp-json\/wp\/v2\/comments?post=127"}],"version-history":[{"count":14,"href":"https:\/\/degerlendirmemerkezinehazirlik.com\/index.php\/wp-json\/wp\/v2\/pages\/127\/revisions"}],"predecessor-version":[{"id":5989,"href":"https:\/\/degerlendirmemerkezinehazirlik.com\/index.php\/wp-json\/wp\/v2\/pages\/127\/revisions\/5989"}],"wp:attachment":[{"href":"https:\/\/degerlendirmemerkezinehazirlik.com\/index.php\/wp-json\/wp\/v2\/media?parent=127"}],"curies":[{"name":"wp","href":"https:\/\/api.w.org\/{rel}","templated":true}]}}