{"id":129,"date":"2019-04-14T10:00:42","date_gmt":"2019-04-14T07:00:42","guid":{"rendered":"http:\/\/degerlendirmemerkezinehazirlik.com\/?page_id=129"},"modified":"2024-05-30T18:08:39","modified_gmt":"2024-05-30T15:08:39","slug":"grup-calismasi","status":"publish","type":"page","link":"https:\/\/degerlendirmemerkezinehazirlik.com\/index.php\/grup-calismasi\/","title":{"rendered":"Grup \u00c7al\u0131\u015fmas\u0131"},"content":{"rendered":"[vc_row][vc_column width=&#8221;1\/2&#8243;][vc_single_image image=&#8221;5068&#8243;][\/vc_column][vc_column width=&#8221;1\/2&#8243;]<div class=\"vcex-module vcex-teaser\"><div class=\"vcex-teaser-content\"><h2 class=\"vcex-teaser-heading wpex-heading wpex-text-lg\" style=\"color:#000000;font-size:24px;\">Grup \u00c7al\u0131\u015fmas\u0131 ve Payda\u015f G\u00f6r\u00fc\u015fmesi<\/h2><div class=\"vcex-teaser-text wpex-mt-10 wpex-last-mb-0 wpex-clr\" style=\"font-size:14px;\"><p>Grup \u00c7al\u0131\u015fmas\u0131 Egzersizi, kat\u0131l\u0131mc\u0131lar\u0131n bir konuyu m\u00fczakere ederek ortak karar almas\u0131na y\u00f6nelik ger\u00e7ekle\u015ftirilen bir toplant\u0131d\u0131r. Toplant\u0131da ekip \u00e7al\u0131\u015fmas\u0131 dinamikleri \u00e7er\u00e7evesinde problemin \u00e7\u00f6z\u00fcm\u00fc ile ilgili kendi \u00f6nerilerini sunmas\u0131 ve di\u011fer ekip arkada\u015flar\u0131n\u0131n \u00e7\u00f6z\u00fcm \u00f6nerilerini dinleyerek en etkin \u00e7\u00f6z\u00fcme y\u00f6nelik ortak karar almas\u0131 beklenir.<\/p>\n<p>Vakada verilen konuyla ilgili kendi \u00e7\u00f6z\u00fcm \u00f6nerisinin avantajlar\u0131 ifade etmesi, di\u011fer \u00f6nerilerin avantaj ve dezavantajlar\u0131n\u0131 de\u011ferlendirerek bir karara varmas\u0131\u00a0 \u00a0beklenir.<\/p>\n<p><strong>Haz\u0131rl\u0131k S\u00fcresi:<\/strong> 10 -15 dk<\/p>\n<p><strong>Grup Toplant\u0131s\u0131:<\/strong> 30 &#8211; 60 dk<\/p>\n<\/div><\/div><\/div>[\/vc_column][\/vc_row][vc_row][vc_column width=&#8221;1\/2&#8243;]<div class=\"vcex-module vcex-teaser\"><div class=\"vcex-teaser-content\"><h2 class=\"vcex-teaser-heading wpex-heading wpex-text-lg\" style=\"color:#000000;font-size:24px;\">De\u011ferlendirilen Yetkinlikler<\/h2><div class=\"vcex-teaser-text wpex-mt-10 wpex-last-mb-0 wpex-clr\" style=\"font-size:14px;\"><p><strong>Grup \u00c7al\u0131\u015fmas\u0131 A\u015famas\u0131: <\/strong>Fikirlerini Etkili \u0130fade Etme, \u0130kna Etme, Sorular\u0131 Etkin Yan\u0131tlama,\u00a0 Etkin Dinleme, Tak\u0131m \u00c7al\u0131\u015fmas\u0131, Uzla\u015fma, \u00c7at\u0131\u015fma Y\u00f6netimi, Beden Dili, Esneklik, Kararl\u0131l\u0131k, Toplant\u0131 Y\u00f6netimi, Sonuca Ula\u015fma, Zaman Y\u00f6netimi<\/p>\n<\/div><\/div><\/div>[\/vc_column][vc_column width=&#8221;1\/2&#8243;]<div class=\"vcex-module vcex-teaser\"><div class=\"vcex-teaser-content\"><h2 class=\"vcex-teaser-heading wpex-heading wpex-text-lg\" style=\"color:#000000;font-size:24px;\">Uzman Oldu\u011fumuz Sekt\u00f6rler ve Pozisyonlar<\/h2><div class=\"vcex-teaser-text wpex-mt-10 wpex-last-mb-0 wpex-clr\" style=\"font-size:14px;\"><ul>\n<li><strong>De\u011ferlendirme Yapt\u0131\u011f\u0131m\u0131z Pozisyonlar ve Uzmanl\u0131klar: <\/strong>\u00dcst Y\u00f6netim, Direkt\u00f6r Pozisyonu, Grup M\u00fcd\u00fcr\u00fc, B\u00f6lge M\u00fcd\u00fcr\u00fc, Sat\u0131\u015f M\u00fcd\u00fcr\u00fc, M\u00fcd\u00fcr Pozisyonu, K\u0131demli Uzman, Tak\u0131m Lideri, Sat\u0131\u015f Lideri, K\u0131demli Uzman<\/li>\n<li><strong>Uzman Oldu\u011fumuz Sekt\u00f6rler: <\/strong>Bankac\u0131l\u0131k Sekt\u00f6r\u00fc, Sigorta Sekt\u00f6r\u00fc, \u0130la\u00e7 Sekt\u00f6r\u00fc, Enerji Sekt\u00f6r\u00fc, \u00dcretim, Havac\u0131l\u0131k Sekt\u00f6r\u00fc, Perakende Sekt\u00f6r\u00fc<\/li>\n<\/ul>\n<\/div><\/div><\/div>[\/vc_column][\/vc_row][vc_row][vc_column][vc_cta h2=&#8221;Grup \u00c7al\u0131\u015fmas\u0131 ve Payda\u015f G\u00f6r\u00fc\u015fmesi Haz\u0131rl\u0131k&#8221; color=&#8221;white&#8221; css=&#8221;.vc_custom_1717081035177{background-color: #f96509 !important;}&#8221;]<span class=\"white-text\">Grup \u00c7al\u0131\u015fmas\u0131 ve Payda\u015f G\u00f6r\u00fc\u015fmesi\u00a0 Haz\u0131rl\u0131k \u00e7al\u0131\u015fmam\u0131zla de\u011ferlendirme merkezi \u00e7al\u0131\u015fmam\u0131za kat\u0131l\u0131m g\u00f6stermek i\u00e7in dan\u0131\u015fmanlar\u0131m\u0131zla ileti\u015fime ge\u00e7ebilirsiniz.<\/span>[\/vc_cta][\/vc_column][\/vc_row]\n","protected":false},"excerpt":{"rendered":"<p>[vc_row][vc_column width=&#8221;1\/2&#8243;][vc_single_image image=&#8221;5068&#8243;][\/vc_column][vc_column width=&#8221;1\/2&#8243;][\/vc_column][\/vc_row][vc_row][vc_column width=&#8221;1\/2&#8243;][\/vc_column][vc_column width=&#8221;1\/2&#8243;][\/vc_column][\/vc_row][vc_row][vc_column][vc_cta h2=&#8221;Grup \u00c7al\u0131\u015fmas\u0131 ve Payda\u015f G\u00f6r\u00fc\u015fmesi Haz\u0131rl\u0131k&#8221; color=&#8221;white&#8221; css=&#8221;.vc_custom_1717081035177{background-color: #f96509 !important;}&#8221;]Grup \u00c7al\u0131\u015fmas\u0131 ve Payda\u015f G\u00f6r\u00fc\u015fmesi\u00a0 Haz\u0131rl\u0131k \u00e7al\u0131\u015fmam\u0131zla de\u011ferlendirme merkezi \u00e7al\u0131\u015fmam\u0131za kat\u0131l\u0131m g\u00f6stermek i\u00e7in dan\u0131\u015fmanlar\u0131m\u0131zla ileti\u015fime ge\u00e7ebilirsiniz.[\/vc_cta][\/vc_column][\/vc_row]<\/p>\n","protected":false},"author":1,"featured_media":0,"parent":0,"menu_order":0,"comment_status":"closed","ping_status":"closed","template":"","meta":[],"_links":{"self":[{"href":"https:\/\/degerlendirmemerkezinehazirlik.com\/index.php\/wp-json\/wp\/v2\/pages\/129"}],"collection":[{"href":"https:\/\/degerlendirmemerkezinehazirlik.com\/index.php\/wp-json\/wp\/v2\/pages"}],"about":[{"href":"https:\/\/degerlendirmemerkezinehazirlik.com\/index.php\/wp-json\/wp\/v2\/types\/page"}],"author":[{"embeddable":true,"href":"https:\/\/degerlendirmemerkezinehazirlik.com\/index.php\/wp-json\/wp\/v2\/users\/1"}],"replies":[{"embeddable":true,"href":"https:\/\/degerlendirmemerkezinehazirlik.com\/index.php\/wp-json\/wp\/v2\/comments?post=129"}],"version-history":[{"count":12,"href":"https:\/\/degerlendirmemerkezinehazirlik.com\/index.php\/wp-json\/wp\/v2\/pages\/129\/revisions"}],"predecessor-version":[{"id":5993,"href":"https:\/\/degerlendirmemerkezinehazirlik.com\/index.php\/wp-json\/wp\/v2\/pages\/129\/revisions\/5993"}],"wp:attachment":[{"href":"https:\/\/degerlendirmemerkezinehazirlik.com\/index.php\/wp-json\/wp\/v2\/media?parent=129"}],"curies":[{"name":"wp","href":"https:\/\/api.w.org\/{rel}","templated":true}]}}