{"id":131,"date":"2019-04-14T10:00:55","date_gmt":"2019-04-14T07:00:55","guid":{"rendered":"http:\/\/degerlendirmemerkezinehazirlik.com\/?page_id=131"},"modified":"2024-05-30T18:09:31","modified_gmt":"2024-05-30T15:09:31","slug":"gercekleri-bulma","status":"publish","type":"page","link":"https:\/\/degerlendirmemerkezinehazirlik.com\/index.php\/gercekleri-bulma\/","title":{"rendered":"Ger\u00e7ekleri Bulma"},"content":{"rendered":"[vc_row][vc_column width=&#8221;1\/2&#8243;][vc_single_image image=&#8221;4982&#8243;][\/vc_column][vc_column width=&#8221;1\/2&#8243;]<div class=\"vcex-module vcex-teaser\"><div class=\"vcex-teaser-content\"><h2 class=\"vcex-teaser-heading wpex-heading wpex-text-lg\" style=\"color:#000000;font-size:24px;\">Ger\u00e7ekleri Bulma<\/h2><div class=\"vcex-teaser-text wpex-mt-10 wpex-last-mb-0 wpex-clr\" style=\"font-size:14px;\"><p>Ger\u00e7ek Bulma egzersizinde elinizde bulunan k\u0131s\u0131tl\u0131 bilgi ile vakada verilen konu ile ilgili bir karara varman\u0131z gerekmektedir. Bu egzersizde karara varabilmek i\u00e7in daha fazla bilgiye ihtiya\u00e7 duyars\u0131n\u0131z ve bu bilgiyi elde etmek i\u00e7in de bilgi kayna\u011f\u0131 olan dan\u0131\u015fmana soru sorarak bilgi toplaman\u0131z beklenir.<\/p>\n<p>Haz\u0131rl\u0131k a\u015famas\u0131nda toplayaca\u011f\u0131n\u0131z bilgilerle ilgili sorular\u0131 haz\u0131rlayarak uygulama a\u015famas\u0131nda bilgi kayna\u011f\u0131 olan ki\u015fiye sorular\u0131n\u0131z\u0131 sorarak bilgi toplaman\u0131z gerekir.<\/p>\n<p>Toplad\u0131\u011f\u0131n\u0131z bilgileri de de\u011ferlendirerek egzersizin sonunda bir karara varman\u0131z ve karar\u0131n\u0131z\u0131n gerek\u00e7elerini ifade etmeniz \u00f6nemlidir.<\/p>\n<p><strong>Haz\u0131rl\u0131k S\u00fcresi:<\/strong> 5 &#8211; 10 dk<\/p>\n<p><strong>Soru Sorma ve Bilgi Toplama Sunumu:<\/strong> 15 &#8211; 20 dk<\/p>\n<p><strong>Karar Alma:<\/strong> 10 -15 dk.<\/p>\n<\/div><\/div><\/div>[\/vc_column][\/vc_row][vc_row][vc_column width=&#8221;1\/2&#8243;]<div class=\"vcex-module vcex-teaser\"><div class=\"vcex-teaser-content\"><h2 class=\"vcex-teaser-heading wpex-heading wpex-text-lg\" style=\"color:#000000;font-size:24px;\">De\u011ferlendirilen Yetkinlikler<\/h2><div class=\"vcex-teaser-text wpex-mt-10 wpex-last-mb-0 wpex-clr\" style=\"font-size:14px;\"><p><strong>Soru Haz\u0131rlama A\u015famas\u0131: <\/strong>Okudu\u011funu Do\u011fru Anlama, Do\u011fru Sorular\u0131 Haz\u0131rlama, Zaman ve Stres Y\u00f6netimi, Sonuca Y\u00f6nelik Olma<\/p>\n<p><strong>Soru Sorma A\u015famas\u0131: <\/strong>Sorular\u0131n\u0131 Etkili \u0130fade Etme, Bilgi Toplama<\/p>\n<p><strong>Karar A\u015famas\u0131: <\/strong>Sonuca Y\u00f6nelik Karar Alma, Bilgiyi Derleme ve Se\u00e7eneklerin Se\u00e7iminde Kullanma, Kararlar\u0131n\u0131 Etkili \u0130fade Etme ve Sorular\u0131 A\u00e7\u0131kl\u0131kla Cevaplama<\/p>\n<\/div><\/div><\/div>[\/vc_column][vc_column width=&#8221;1\/2&#8243;]<div class=\"vcex-module vcex-teaser\"><div class=\"vcex-teaser-content\"><h2 class=\"vcex-teaser-heading wpex-heading wpex-text-lg\" style=\"color:#000000;font-size:24px;\">Uzman Oldu\u011fumuz Sekt\u00f6rler ve Pozisyonlar<\/h2><div class=\"vcex-teaser-text wpex-mt-10 wpex-last-mb-0 wpex-clr\" style=\"font-size:14px;\"><ul>\n<li><strong>De\u011ferlendirme Yapt\u0131\u011f\u0131m\u0131z Pozisyonlar ve Uzmanl\u0131klar: <\/strong>\u00dcst Y\u00f6netim, Direkt\u00f6r Pozisyonu, Grup M\u00fcd\u00fcr\u00fc, B\u00f6lge M\u00fcd\u00fcr\u00fc, Sat\u0131\u015f M\u00fcd\u00fcr\u00fc, M\u00fcd\u00fcr Pozisyonu, K\u0131demli Uzman, Tak\u0131m Lideri, Sat\u0131\u015f Lideri, K\u0131demli Uzman<\/li>\n<li><strong style=\"color: var(--wpex-text-2)\">Uzman Oldu\u011fumuz Sekt\u00f6rler: <\/strong><span style=\"color: var(--wpex-text-2)\">Bankac\u0131l\u0131k Sekt\u00f6r\u00fc, Sigorta Sekt\u00f6r\u00fc, \u0130la\u00e7 Sekt\u00f6r\u00fc, Enerji Sekt\u00f6r\u00fc, \u00dcretim, Havac\u0131l\u0131k Sekt\u00f6r\u00fc, Perakende Sekt\u00f6r\u00fc<\/span><\/li>\n<\/ul>\n<\/div><\/div><\/div>[\/vc_column][\/vc_row][vc_row][vc_column][vc_cta h2=&#8221;Ger\u00e7ekleri Bulma Haz\u0131rl\u0131k&#8221; color=&#8221;white&#8221; css=&#8221;.vc_custom_1717081241308{background-color: #f96509 !important;}&#8221;]<span class=\"white-text\">Ger\u00e7ekleri Bulma Haz\u0131rl\u0131k \u00e7al\u0131\u015fmam\u0131zla de\u011ferlendirme merkezi \u00e7al\u0131\u015fmam\u0131za kat\u0131l\u0131m g\u00f6stermek i\u00e7in dan\u0131\u015fmanlar\u0131m\u0131zla ileti\u015fime ge\u00e7ebilirsiniz.<\/span>[\/vc_cta][\/vc_column][\/vc_row]\n","protected":false},"excerpt":{"rendered":"<p>[vc_row][vc_column width=&#8221;1\/2&#8243;][vc_single_image image=&#8221;4982&#8243;][\/vc_column][vc_column width=&#8221;1\/2&#8243;][\/vc_column][\/vc_row][vc_row][vc_column width=&#8221;1\/2&#8243;][\/vc_column][vc_column width=&#8221;1\/2&#8243;][\/vc_column][\/vc_row][vc_row][vc_column][vc_cta h2=&#8221;Ger\u00e7ekleri Bulma Haz\u0131rl\u0131k&#8221; color=&#8221;white&#8221; css=&#8221;.vc_custom_1717081241308{background-color: #f96509 !important;}&#8221;]Ger\u00e7ekleri Bulma Haz\u0131rl\u0131k \u00e7al\u0131\u015fmam\u0131zla de\u011ferlendirme merkezi \u00e7al\u0131\u015fmam\u0131za kat\u0131l\u0131m g\u00f6stermek i\u00e7in dan\u0131\u015fmanlar\u0131m\u0131zla ileti\u015fime ge\u00e7ebilirsiniz.[\/vc_cta][\/vc_column][\/vc_row]<\/p>\n","protected":false},"author":1,"featured_media":0,"parent":0,"menu_order":0,"comment_status":"closed","ping_status":"closed","template":"","meta":[],"_links":{"self":[{"href":"https:\/\/degerlendirmemerkezinehazirlik.com\/index.php\/wp-json\/wp\/v2\/pages\/131"}],"collection":[{"href":"https:\/\/degerlendirmemerkezinehazirlik.com\/index.php\/wp-json\/wp\/v2\/pages"}],"about":[{"href":"https:\/\/degerlendirmemerkezinehazirlik.com\/index.php\/wp-json\/wp\/v2\/types\/page"}],"author":[{"embeddable":true,"href":"https:\/\/degerlendirmemerkezinehazirlik.com\/index.php\/wp-json\/wp\/v2\/users\/1"}],"replies":[{"embeddable":true,"href":"https:\/\/degerlendirmemerkezinehazirlik.com\/index.php\/wp-json\/wp\/v2\/comments?post=131"}],"version-history":[{"count":9,"href":"https:\/\/degerlendirmemerkezinehazirlik.com\/index.php\/wp-json\/wp\/v2\/pages\/131\/revisions"}],"predecessor-version":[{"id":5995,"href":"https:\/\/degerlendirmemerkezinehazirlik.com\/index.php\/wp-json\/wp\/v2\/pages\/131\/revisions\/5995"}],"wp:attachment":[{"href":"https:\/\/degerlendirmemerkezinehazirlik.com\/index.php\/wp-json\/wp\/v2\/media?parent=131"}],"curies":[{"name":"wp","href":"https:\/\/api.w.org\/{rel}","templated":true}]}}