{"id":133,"date":"2019-04-14T10:01:08","date_gmt":"2019-04-14T07:01:08","guid":{"rendered":"http:\/\/degerlendirmemerkezinehazirlik.com\/?page_id=133"},"modified":"2020-04-25T20:50:56","modified_gmt":"2020-04-25T17:50:56","slug":"mulakat","status":"publish","type":"page","link":"https:\/\/degerlendirmemerkezinehazirlik.com\/index.php\/mulakat\/","title":{"rendered":"M\u00fclakat"},"content":{"rendered":"[vc_row][vc_column width=&#8221;1\/2&#8243;][vc_single_image image=&#8221;5344&#8243;][\/vc_column][vc_column width=&#8221;1\/2&#8243;]<div class=\"vcex-module vcex-teaser\"><div class=\"vcex-teaser-content\"><h2 class=\"vcex-teaser-heading wpex-heading wpex-text-lg\" style=\"color:#000000;font-size:24px;\">Yetkinlik ve Davran\u0131\u015f Odakl\u0131 M\u00fclakat<\/h2><div class=\"vcex-teaser-text wpex-mt-10 wpex-last-mb-0 wpex-clr\" style=\"font-size:14px;\"><p>\u25baYetkinlik bazl\u0131 ve davran\u0131\u015f odakl\u0131 m\u00fclakat y\u00f6ntemiyle ge\u00e7mi\u015fte ortaya koydu\u011funuz performans ve tecr\u00fcbelerinize y\u00f6nelik elde etti\u011finiz sonu\u00e7lar irdelenir. Bu sayede gelecekte benzer durumlarda hangi davran\u0131\u015f bi\u00e7imlerini sergileme potansiyeliniz oldu\u011funu belirlemek ve pozisyona uygunlu\u011funuzu de\u011ferlendirmek m\u00fcmk\u00fcn olmaktad\u0131r.<\/p>\n<p>\u25baYetkinlik bazl\u0131 ve davran\u0131\u015f odakl\u0131 m\u00fclakat s\u0131ras\u0131nda sorular\u0131 do\u011fru anlayarak bunlara uygun do\u011fru \u00f6rnekleri vermeniz ve fikirlerinizi ak\u0131c\u0131 bir \u015fekilde ifade etmeniz \u00f6nemlidir.<\/p>\n<p>\u25baM\u00fclakat \u00f6ncesinde belirlenmi\u015f olan soru setleri m\u00fclakat s\u0131ras\u0131nda g\u00f6r\u00fc\u015fmenin ak\u0131\u015f\u0131na g\u00f6re size sorulur ve verdi\u011finiz \u00f6rneklere g\u00f6re de\u011ferlendirme yetkinlik bazl\u0131 ger\u00e7ekle\u015ftirilir.<\/p>\n<p>\u25baYetkinlik bazl\u0131 m\u00fclakat y\u00f6nteminde cevaplar\u0131n\u0131z\u0131 STAR tekni\u011fine uygun haz\u0131rlanman\u0131z dan\u0131\u015fman\u0131n do\u011fru \u00e7\u0131kar\u0131mlar\u0131 yapabilmesi i\u00e7in \u00f6nemlidir.\u00a0 Ge\u00e7mi\u015fte i\u015f hayat\u0131nda ya\u015fam\u0131\u015f oldu\u011funuz bir olay ve somut bir durumun ne oldu\u011fu, bu durumda nas\u0131l bir g\u00f6rev \u00fcstlendi\u011finiz, ne t\u00fcr bir aksiyon ald\u0131\u011f\u0131n\u0131z ve nas\u0131l bir sonu\u00e7 elde etti\u011finizi \u00f6rneklerle ifade etmeniz spesifik durumlar kar\u015f\u0131s\u0131nda s\u00fcreci nas\u0131l y\u00f6netti\u011finizi ve sonuca nas\u0131l ula\u015ft\u0131\u011f\u0131n\u0131z\u0131 g\u00f6sterir.<\/p>\n<p><strong>M\u00fclakat S\u00fcresi:<\/strong> 45-90 dk<\/p>\n<\/div><\/div><\/div>[\/vc_column][\/vc_row][vc_row][vc_column][vc_cta h2=&#8221;Video M\u00fclakat Haz\u0131rl\u0131k&#8221; color=&#8221;white&#8221; css=&#8221;.vc_custom_1587837032630{background-color: #f96509 !important;}&#8221;]<span class=\"white-text\">Sanal M\u00fclakat Haz\u0131rl\u0131\u011f\u0131 ve M\u00fclakat Sunumlar\u0131n\u0131 haz\u0131rlamak i\u00e7in <\/span><span class=\"white-text\"> dan\u0131\u015fmanlar\u0131m\u0131zla ileti\u015fime ge\u00e7in.<\/span>[\/vc_cta][\/vc_column][\/vc_row]\n","protected":false},"excerpt":{"rendered":"<p>[vc_row][vc_column width=&#8221;1\/2&#8243;][vc_single_image image=&#8221;5344&#8243;][\/vc_column][vc_column width=&#8221;1\/2&#8243;][\/vc_column][\/vc_row][vc_row][vc_column][vc_cta h2=&#8221;Video M\u00fclakat Haz\u0131rl\u0131k&#8221; color=&#8221;white&#8221; css=&#8221;.vc_custom_1587837032630{background-color: #f96509 !important;}&#8221;]Sanal M\u00fclakat Haz\u0131rl\u0131\u011f\u0131 ve M\u00fclakat Sunumlar\u0131n\u0131 haz\u0131rlamak i\u00e7in dan\u0131\u015fmanlar\u0131m\u0131zla ileti\u015fime ge\u00e7in.[\/vc_cta][\/vc_column][\/vc_row]<\/p>\n","protected":false},"author":1,"featured_media":0,"parent":0,"menu_order":0,"comment_status":"closed","ping_status":"closed","template":"","meta":[],"_links":{"self":[{"href":"https:\/\/degerlendirmemerkezinehazirlik.com\/index.php\/wp-json\/wp\/v2\/pages\/133"}],"collection":[{"href":"https:\/\/degerlendirmemerkezinehazirlik.com\/index.php\/wp-json\/wp\/v2\/pages"}],"about":[{"href":"https:\/\/degerlendirmemerkezinehazirlik.com\/index.php\/wp-json\/wp\/v2\/types\/page"}],"author":[{"embeddable":true,"href":"https:\/\/degerlendirmemerkezinehazirlik.com\/index.php\/wp-json\/wp\/v2\/users\/1"}],"replies":[{"embeddable":true,"href":"https:\/\/degerlendirmemerkezinehazirlik.com\/index.php\/wp-json\/wp\/v2\/comments?post=133"}],"version-history":[{"count":9,"href":"https:\/\/degerlendirmemerkezinehazirlik.com\/index.php\/wp-json\/wp\/v2\/pages\/133\/revisions"}],"predecessor-version":[{"id":5419,"href":"https:\/\/degerlendirmemerkezinehazirlik.com\/index.php\/wp-json\/wp\/v2\/pages\/133\/revisions\/5419"}],"wp:attachment":[{"href":"https:\/\/degerlendirmemerkezinehazirlik.com\/index.php\/wp-json\/wp\/v2\/media?parent=133"}],"curies":[{"name":"wp","href":"https:\/\/api.w.org\/{rel}","templated":true}]}}