{"id":5044,"date":"2019-06-07T13:58:52","date_gmt":"2019-06-07T10:58:52","guid":{"rendered":"http:\/\/degerlendirmemerkezinehazirlik.com\/?page_id=5044"},"modified":"2020-02-05T11:16:57","modified_gmt":"2020-02-05T08:16:57","slug":"danismanlarimiz","status":"publish","type":"page","link":"https:\/\/degerlendirmemerkezinehazirlik.com\/index.php\/danismanlarimiz\/","title":{"rendered":"Dan\u0131\u015fmanlar\u0131m\u0131z"},"content":{"rendered":"[vc_row][vc_column width=&#8221;1\/2&#8243;][vc_single_image image=&#8221;5316&#8243;][\/vc_column][vc_column width=&#8221;1\/2&#8243;]<div class=\"vcex-module vcex-teaser\"><div class=\"vcex-teaser-content\"><h1 class=\"vcex-teaser-heading wpex-heading wpex-text-lg\" style=\"color:#f96509;font-size:20px;\">T\u00fclay Bozkurt<\/h1><div class=\"vcex-teaser-text wpex-mt-10 wpex-last-mb-0 wpex-clr\" style=\"color:#000000;\"><p>Risus International\u2019\u0131n kurucusu olan T\u00fclay Bozkurt, 1994 y\u0131l\u0131ndan itibaren yer ald\u0131\u011f\u0131 profesyonel i\u015f hayat\u0131 i\u00e7erisinde Neta\u015f, Siemens, Nexum Bo\u011fazi\u00e7i ve Nurol Holding firmalar\u0131nda ARGE M\u00fchendisli\u011fi, \u00dcr\u00fcn Y\u00f6netimi, \u0130\u015f Geli\u015ftirme, Sat\u0131\u015f ve Pazarlama M\u00fcd\u00fcrl\u00fc\u011f\u00fc ve Sat\u0131nalma Y\u00f6neticili\u011fi g\u00f6revlerini yerine getirmi\u015ftir.<\/p>\n<p><!-- \/wp:paragraph --><\/p>\n<p><!-- wp:paragraph -->2006 y\u0131l\u0131ndan itibaren kurucusu oldu\u011fu Risus International b\u00fcnyesinde uluslararas\u0131 ve yerel firmalara e\u011fitim ve dan\u0131\u015fmanl\u0131k hizmeti vermektedir.<\/p>\n<p><!-- \/wp:paragraph --><\/p>\n<p><!-- wp:paragraph -->Kurumsal \u00e7al\u0131\u015fmalar\u0131n\u0131n yan\u0131 s\u0131ra Bozkurt, kariyer geli\u015fimi alan\u0131nda bireysel dan\u0131\u015fmanl\u0131k \u00e7al\u0131\u015fmalar\u0131n\u0131 da y\u00fcr\u00fctmektedir.\u00a0Yetkinliklerle Y\u00f6netim konusunda akademik \u00e7al\u0131\u015fmalar\u0131 bulunan Bozkurt\u2019un uzmanl\u0131k alanlar\u0131 y\u00f6netim ve i\u015f geli\u015ftirme,\u00a0insan kaynaklar\u0131 geli\u015fimi, i\u015f analizi, yetkinlik de\u011ferlendirme, kariyer destek\u00a0ve ki\u015fisel geli\u015fimdir.<\/p>\n<p>T\u00fclay Bozkurt, De\u011ferlendirme Merkezi\u2019ne Haz\u0131rl\u0131k \u00e7al\u0131\u015fmas\u0131 bireysel e\u011fitimlerini 2011 y\u0131l\u0131nda T\u00fcrkiye\u2019de ilk kez ba\u015flatan dan\u0131\u015fmand\u0131r.<\/p>\n<\/div><\/div><\/div>[\/vc_column][\/vc_row][vc_row][vc_column width=&#8221;1\/2&#8243;]<div class=\"vcex-module vcex-teaser\"><div class=\"vcex-teaser-content\"><h2 class=\"vcex-teaser-heading wpex-heading wpex-text-lg\" style=\"color:#f96509;\">E\u011fitim<\/h2><div class=\"vcex-teaser-text wpex-mt-10 wpex-last-mb-0 wpex-clr\" style=\"color:#000000;\"><ul>\n<li><strong>Marmara \u00dcniversitesi<\/strong>, Sosyal Bilimler Enstit\u00fcs\u00fc, \u0130ngilizce \u0130\u015fletme Y\u00f6netim ve Organizasyon Doktora, 2016<\/li>\n<li><strong>Marmara \u00dcniversitesi<\/strong>, Sosyal Bilimler Enstit\u00fcs\u00fc, \u0130ngilizce \u0130\u015fletme Say\u0131sal Y\u00f6ntemler Y\u00fcksek Lisans\u0131, 2009<\/li>\n<li><strong>\u0130stanbul Teknik \u00dcniversitesi,<\/strong> Enerji Enstit\u00fcs\u00fc, Enerji Teknoloji ve Bilim Y\u00fcksek Lisans\u0131, 2009<\/li>\n<li><strong>\u0130stanbul Teknik \u00dcniversitesi,\u00a0<\/strong>Elektrik-Elektronik Fak\u00fcltesi,\u00a0Elektrik M\u00fchendisli\u011fi Lisans\u0131, 1994<\/li>\n<li><strong>Kagider, Profil \u0130nternational<\/strong>, \u0130nsan Kaynaklar\u0131 Y\u00f6netimi ve De\u011ferlendirme Merkezi E\u011fitim Program\u0131, 2006<\/li>\n<li><strong>\u00c7a\u011fda\u015f Drama Derne\u011fi<\/strong>, Yarat\u0131c\u0131 Drama E\u011fitmenli\u011fi Sertifika Program\u0131, 2015-2016<\/li>\n<li><strong>Ba\u015fkent \u0130leti\u015fim Bilimleri Akademesi<\/strong>, MEB Onayl\u0131 Spikerlik ve Sunuculuk E\u011fitimi Sertifika Program\u0131, 2015<\/li>\n<\/ul>\n<\/div><\/div><\/div>[\/vc_column][vc_column width=&#8221;1\/2&#8243;]<div class=\"vcex-module vcex-teaser\"><div class=\"vcex-teaser-content\"><h2 class=\"vcex-teaser-heading wpex-heading wpex-text-lg\" style=\"color:#f96509;\">\u0130leti\u015fim<\/h2><div class=\"vcex-teaser-text wpex-mt-10 wpex-last-mb-0 wpex-clr\" style=\"color:#000000;\"><p>De\u011ferlendirme Merkezi ile ilgili sorular\u0131n\u0131z ve g\u00f6r\u00fc\u015fme istekleriniz i\u00e7in ileti\u015fim bilgilerimiz<\/p>\n<p><strong>E-Posta: <\/strong><a href=\"mailto:tulaybozkurt@risusinternational.com\">tulaybozkurt@risusinternational.com<\/a><br \/><strong>GSM: <\/strong>0 533 6562819<\/p>\n<\/div><\/div><\/div>[\/vc_column][\/vc_row]\n","protected":false},"excerpt":{"rendered":"<p>[vc_row][vc_column width=&#8221;1\/2&#8243;][vc_single_image image=&#8221;5316&#8243;][\/vc_column][vc_column width=&#8221;1\/2&#8243;][\/vc_column][\/vc_row][vc_row][vc_column width=&#8221;1\/2&#8243;][\/vc_column][vc_column width=&#8221;1\/2&#8243;][\/vc_column][\/vc_row]<\/p>\n","protected":false},"author":1,"featured_media":0,"parent":0,"menu_order":0,"comment_status":"closed","ping_status":"closed","template":"","meta":[],"_links":{"self":[{"href":"https:\/\/degerlendirmemerkezinehazirlik.com\/index.php\/wp-json\/wp\/v2\/pages\/5044"}],"collection":[{"href":"https:\/\/degerlendirmemerkezinehazirlik.com\/index.php\/wp-json\/wp\/v2\/pages"}],"about":[{"href":"https:\/\/degerlendirmemerkezinehazirlik.com\/index.php\/wp-json\/wp\/v2\/types\/page"}],"author":[{"embeddable":true,"href":"https:\/\/degerlendirmemerkezinehazirlik.com\/index.php\/wp-json\/wp\/v2\/users\/1"}],"replies":[{"embeddable":true,"href":"https:\/\/degerlendirmemerkezinehazirlik.com\/index.php\/wp-json\/wp\/v2\/comments?post=5044"}],"version-history":[{"count":10,"href":"https:\/\/degerlendirmemerkezinehazirlik.com\/index.php\/wp-json\/wp\/v2\/pages\/5044\/revisions"}],"predecessor-version":[{"id":5319,"href":"https:\/\/degerlendirmemerkezinehazirlik.com\/index.php\/wp-json\/wp\/v2\/pages\/5044\/revisions\/5319"}],"wp:attachment":[{"href":"https:\/\/degerlendirmemerkezinehazirlik.com\/index.php\/wp-json\/wp\/v2\/media?parent=5044"}],"curies":[{"name":"wp","href":"https:\/\/api.w.org\/{rel}","templated":true}]}}