{"id":5048,"date":"2019-06-07T14:00:22","date_gmt":"2019-06-07T11:00:22","guid":{"rendered":"http:\/\/degerlendirmemerkezinehazirlik.com\/?page_id=5048"},"modified":"2019-06-11T11:34:13","modified_gmt":"2019-06-11T08:34:13","slug":"hakkimizda","status":"publish","type":"page","link":"https:\/\/degerlendirmemerkezinehazirlik.com\/index.php\/hakkimizda\/","title":{"rendered":"Hakk\u0131m\u0131zda"},"content":{"rendered":"[vc_row][vc_column width=&#8221;1\/2&#8243;][vc_single_image image=&#8221;5104&#8243; alignment=&#8221;center&#8221; onclick=&#8221;custom_link&#8221; link=&#8221;https:\/\/www.risusinternational.com\/&#8221;][\/vc_column][vc_column width=&#8221;1\/2&#8243;]<div class=\"vcex-module vcex-teaser\"><div class=\"vcex-teaser-content\"><h2 class=\"vcex-teaser-heading wpex-heading wpex-text-lg\" style=\"color:#f96509;\">Risus International<\/h2><div class=\"vcex-teaser-text wpex-mt-10 wpex-last-mb-0 wpex-clr\"><p>De\u011ferlendirme Merkezi&#8217;ne Haz\u0131rl\u0131k, Risus International taraf\u0131ndan 2011 y\u0131l\u0131nda hayata ge\u00e7irilen bir giri\u015fimdir.<\/p>\n<p>2006 y\u0131l\u0131nda T\u00fclay Bozkurt taraf\u0131ndan kurulan Risus International, insan kaynaklar\u0131 y\u00f6netimi ve e\u011fitim dan\u0131\u015fmanl\u0131\u011f\u0131 \u00e7\u00f6z\u00fcmleri ile &#8220;s\u00fcreklilik i\u00e7in de\u011fi\u015fim&#8221; misyonu ile m\u00fc\u015fterilerinin geli\u015fimi i\u00e7in \u00e7\u00f6z\u00fcmler sunmaktad\u0131r.<\/p>\n<\/div><\/div><\/div>[\/vc_column][\/vc_row][vc_row][vc_column width=&#8221;1\/2&#8243;]<div class=\"vcex-module vcex-teaser\"><div class=\"vcex-teaser-content\"><h2 class=\"vcex-teaser-heading wpex-heading wpex-text-lg\" style=\"color:#f96509;\">Amac\u0131m\u0131z<\/h2><div class=\"vcex-teaser-text wpex-mt-10 wpex-last-mb-0 wpex-clr\"><p><strong>Kariyer Geli\u015fimini Sa\u011flamak:<\/strong> Dan\u0131\u015fanlar\u0131m\u0131z\u0131n kariyer geli\u015fiminde tercih edilen \u00e7\u00f6z\u00fcm orta\u011f\u0131 olmak<\/p>\n<p><strong>G\u00fcvenilir Sonu\u00e7lar Elde Etmek:<\/strong> De\u011ferlendirme Merkezi ile ilgili en g\u00fcvenilir sonu\u00e7lar\u0131 sunan dan\u0131\u015fmanl\u0131k firmas\u0131 olmak<\/p>\n<p><strong>Fark\u0131ndal\u0131\u011f\u0131 Art\u0131rmak:<\/strong> De\u011ferlendirme Merkezi konusunda fark\u0131ndal\u0131\u011f\u0131 art\u0131rmak<\/p>\n<\/div><\/div><\/div>[\/vc_column][vc_column width=&#8221;1\/2&#8243;][vc_video link=&#8221;https:\/\/www.youtube.com\/watch?v=JshnGfJerwM&#8221;][\/vc_column][\/vc_row][vc_row][vc_column width=&#8221;1\/2&#8243;][vc_video link=&#8221;https:\/\/www.youtube.com\/watch?v=e8JAtN3hFPo&#038;t=4s&#8221;][\/vc_column][vc_column width=&#8221;1\/2&#8243;]<div class=\"vcex-module vcex-teaser\"><div class=\"vcex-teaser-content\"><h2 class=\"vcex-teaser-heading wpex-heading wpex-text-lg\" style=\"color:#f96509;\">\u00c7al\u0131\u015fma Y\u00f6ntemimiz<\/h2><div class=\"vcex-teaser-text wpex-mt-10 wpex-last-mb-0 wpex-clr\"><p><strong>M\u00fc\u015fteri \u0130htiya\u00e7lar\u0131na \u00d6zel:<\/strong> \u00c7\u00f6z\u00fcmlerimizi dan\u0131\u015fanlar\u0131m\u0131z\u0131n ihtiya\u00e7lar\u0131na y\u00f6nelik \u00f6zel olarak geli\u015ftiririz.<\/p>\n<p><strong>A\u00e7\u0131k ve Net \u0130leti\u015fim:<\/strong> \u00c7al\u0131\u015fmalar\u0131m\u0131zda a\u00e7\u0131k ve net bir diyalog ortam\u0131 olu\u015fturur farkl\u0131 fikirleri uzman bak\u0131\u015f a\u00e7\u0131m\u0131zla sunar\u0131z.<\/p>\n<p><strong>Sistematik S\u00fcre\u00e7 Uygular\u0131z:<\/strong> Hizmetlerimizi, sistematik bir s\u00fcre\u00e7 i\u00e7erisinde uygular\u0131z.<\/p>\n<p><strong>Geli\u015fimi S\u00fcrekli \u0130zleriz:<\/strong> K\u0131sa, orta ve uzun vadeli geli\u015fim planlar\u0131 ile dan\u0131\u015fanlar\u0131m\u0131z\u0131n s\u00fcrekli yan\u0131nday\u0131z<\/p>\n<\/div><\/div><\/div>[\/vc_column][\/vc_row][vc_row][vc_column width=&#8221;1\/2&#8243;]<div class=\"vcex-module vcex-teaser\"><div class=\"vcex-teaser-content\"><h2 class=\"vcex-teaser-heading wpex-heading wpex-text-lg\" style=\"color:#f96509;\">Yetkinliklerimiz<\/h2><div class=\"vcex-teaser-text wpex-mt-10 wpex-last-mb-0 wpex-clr\"><p><strong>G\u00fcven:<\/strong> Uzmanl\u0131\u011f\u0131m\u0131z, \u00e7al\u0131\u015fma disiplinimiz ve ger\u00e7ek\u00e7i bak\u0131\u015f a\u00e7\u0131m\u0131z ile m\u00fc\u015fterilerimiz i\u00e7in g\u00fcvenilir bir i\u015f orta\u011f\u0131y\u0131z.<\/p>\n<p><strong>Pozitif Enerji:<\/strong> Kendini s\u00fcrekli yenileyen, dinamik ve pozitif enerjili bir ekibiz.<\/p>\n<p><strong>\u00c7\u00f6z\u00fcm Odakl\u0131l\u0131k:<\/strong>\u00a0\u00c7al\u0131\u015fma azmimiz ve kaliteli hizmet anlay\u0131\u015f\u0131m\u0131z ile m\u00fc\u015fterilerimizin ihtiya\u00e7lar\u0131na an\u0131nda fayda yaratan \u00e7\u00f6z\u00fcmler sunar\u0131z.<\/p>\n<\/div><\/div><\/div>[\/vc_column][vc_column width=&#8221;1\/2&#8243;][vc_single_image image=&#8221;5110&#8243; img_size=&#8221;medium&#8221; alignment=&#8221;center&#8221;][\/vc_column][\/vc_row]\n","protected":false},"excerpt":{"rendered":"<p>[vc_row][vc_column width=&#8221;1\/2&#8243;][vc_single_image image=&#8221;5104&#8243; alignment=&#8221;center&#8221; onclick=&#8221;custom_link&#8221; link=&#8221;https:\/\/www.risusinternational.com\/&#8221;][\/vc_column][vc_column width=&#8221;1\/2&#8243;][\/vc_column][\/vc_row][vc_row][vc_column width=&#8221;1\/2&#8243;][\/vc_column][vc_column width=&#8221;1\/2&#8243;][vc_video link=&#8221;https:\/\/www.youtube.com\/watch?v=JshnGfJerwM&#8221;][\/vc_column][\/vc_row][vc_row][vc_column width=&#8221;1\/2&#8243;][vc_video link=&#8221;https:\/\/www.youtube.com\/watch?v=e8JAtN3hFPo&#038;t=4s&#8221;][\/vc_column][vc_column width=&#8221;1\/2&#8243;][\/vc_column][\/vc_row][vc_row][vc_column width=&#8221;1\/2&#8243;][\/vc_column][vc_column width=&#8221;1\/2&#8243;][vc_single_image image=&#8221;5110&#8243; img_size=&#8221;medium&#8221; alignment=&#8221;center&#8221;][\/vc_column][\/vc_row]<\/p>\n","protected":false},"author":1,"featured_media":0,"parent":0,"menu_order":0,"comment_status":"closed","ping_status":"closed","template":"","meta":[],"_links":{"self":[{"href":"https:\/\/degerlendirmemerkezinehazirlik.com\/index.php\/wp-json\/wp\/v2\/pages\/5048"}],"collection":[{"href":"https:\/\/degerlendirmemerkezinehazirlik.com\/index.php\/wp-json\/wp\/v2\/pages"}],"about":[{"href":"https:\/\/degerlendirmemerkezinehazirlik.com\/index.php\/wp-json\/wp\/v2\/types\/page"}],"author":[{"embeddable":true,"href":"https:\/\/degerlendirmemerkezinehazirlik.com\/index.php\/wp-json\/wp\/v2\/users\/1"}],"replies":[{"embeddable":true,"href":"https:\/\/degerlendirmemerkezinehazirlik.com\/index.php\/wp-json\/wp\/v2\/comments?post=5048"}],"version-history":[{"count":9,"href":"https:\/\/degerlendirmemerkezinehazirlik.com\/index.php\/wp-json\/wp\/v2\/pages\/5048\/revisions"}],"predecessor-version":[{"id":5126,"href":"https:\/\/degerlendirmemerkezinehazirlik.com\/index.php\/wp-json\/wp\/v2\/pages\/5048\/revisions\/5126"}],"wp:attachment":[{"href":"https:\/\/degerlendirmemerkezinehazirlik.com\/index.php\/wp-json\/wp\/v2\/media?parent=5048"}],"curies":[{"name":"wp","href":"https:\/\/api.w.org\/{rel}","templated":true}]}}