{"id":5129,"date":"2019-06-12T10:44:40","date_gmt":"2019-06-12T07:44:40","guid":{"rendered":"http:\/\/degerlendirmemerkezinehazirlik.com\/?page_id=5129"},"modified":"2020-04-25T21:07:02","modified_gmt":"2020-04-25T18:07:02","slug":"ic-degerlendirici-egitimi","status":"publish","type":"page","link":"https:\/\/degerlendirmemerkezinehazirlik.com\/index.php\/ic-degerlendirici-egitimi\/","title":{"rendered":"De\u011ferlendirici E\u011fitimi"},"content":{"rendered":"[vc_row][vc_column][vc_cta h2=&#8221;De\u011ferlendirici E\u011fitimi&#8221; txt_align=&#8221;center&#8221; color=&#8221;white&#8221; css=&#8221;.vc_custom_1571301266588{background-color: #f96509 !important;}&#8221;]<span class=\"white-text\">5 a\u015famadan olu\u015fan mod\u00fcler bir e\u011fitim program\u0131d\u0131r. De\u011ferlendirme Merkezi ve Yetkinliklere Genel Bak\u0131\u015f, De\u011ferlendirme Merkezi Tasar\u0131m\u0131, De\u011ferlendirme Merkezi Uygulama G\u00fcn\u00fc, De\u011ferlendirme Raporu Yazama Teknikleri ve Geribildirim Verme Teknikleri<\/span>[\/vc_cta][\/vc_column][\/vc_row][vc_row][vc_column width=&#8221;2\/3&#8243;]<div class=\"vcex-module vcex-teaser\"><div class=\"vcex-teaser-content\"><h2 class=\"vcex-teaser-heading wpex-heading wpex-text-lg\" style=\"color:#000000;font-size:24px;\">De\u011ferlendirme Merkezi ve Yetkinliklere Genel Bak\u0131\u015f<\/h2><div class=\"vcex-teaser-text wpex-mt-10 wpex-last-mb-0 wpex-clr\" style=\"font-size:14px;\"><ul>\n<li>De\u011ferlendirme ve Geli\u015fim Merkezi nedir?<\/li>\n<li>De\u011ferlendirme ve Geli\u015fim Merkezi uygulamalar\u0131n\u0131n farklar\u0131 nelerdir?<\/li>\n<li>De\u011ferlendirme Merkezi \u0130nsan Kaynaklar\u0131 S\u00fcre\u00e7lerinde nas\u0131l kullan\u0131l\u0131r?<\/li>\n<li>Yetkinlik Nedir?<\/li>\n<li>Yetkinliklerin T\u00fcrleri nelerdir?<\/li>\n<li>Yetkinlikler ve Davran\u0131\u015f G\u00f6stergeleri nelerdir?<\/li>\n<li>De\u011ferlendiricinin \u00d6zellikleri ve Yetkinlikleri nelerdir?<\/li>\n<li>De\u011ferlendirici hatalar\u0131 nelerdir?<\/li>\n<\/ul>\n<\/div><\/div><\/div>[\/vc_column][vc_column width=&#8221;1\/3&#8243;]<div class=\"vcex-module vcex-teaser\"><div class=\"vcex-teaser-content\"><h2 class=\"vcex-teaser-heading wpex-heading wpex-text-lg\" style=\"color:#f96509;\">E\u011fitim S\u00fcresi<\/h2><div class=\"vcex-teaser-text wpex-mt-10 wpex-last-mb-0 wpex-clr\"><p><strong>E\u011fitim S\u00fcresi:<\/strong> 1\/2 G\u00fcn<\/p>\n<p><strong>E\u011fitim Saati:<\/strong> 09:30 &#8211; 17:00<\/p>\n<p><strong>Kat\u0131l\u0131mc\u0131 Say\u0131s\u0131:<\/strong> 8 Ki\u015fi (max)<\/p>\n<\/div><\/div><\/div>[\/vc_column][\/vc_row][vc_row][vc_column width=&#8221;2\/3&#8243;]<div class=\"vcex-module vcex-teaser\"><div class=\"vcex-teaser-content\"><h2 class=\"vcex-teaser-heading wpex-heading wpex-text-lg\" style=\"color:#000000;font-size:24px;\">De\u011ferlendirme Merkezi Tasar\u0131m\u0131<\/h2><div class=\"vcex-teaser-text wpex-mt-10 wpex-last-mb-0 wpex-clr\" style=\"font-size:14px;\"><ul>\n<li>De\u011ferlendirme Merkezi nas\u0131l tasarlan\u0131r?<\/li>\n<li>Tasar\u0131m a\u015famas\u0131nda pozisyonun g\u00f6rev tan\u0131m\u0131na g\u00f6re yetkinliklerin belirlenmesi<\/li>\n<li>Egzersizlerin tasar\u0131m\u0131 ve se\u00e7ilmesi<\/li>\n<li>Yetkinlik ve Egzersiz Matrisinin olu\u015fturulmas\u0131<\/li>\n<li>De\u011ferlendirme ve g\u00f6zlem formlar\u0131n\u0131n tasar\u0131m\u0131<\/li>\n<li>Uygulama g\u00fcn\u00fc ak\u0131\u015f plan\u0131n\u0131n olu\u015fturulmas\u0131<\/li>\n<li>Uygulama salonunun organize edilmesi<\/li>\n<li>De\u011ferlendiricilerin e\u011fitimi<\/li>\n<\/ul>\n<\/div><\/div><\/div>[\/vc_column][vc_column width=&#8221;1\/3&#8243;]<div class=\"vcex-module vcex-teaser\"><div class=\"vcex-teaser-content\"><h2 class=\"vcex-teaser-heading wpex-heading wpex-text-lg\" style=\"color:#f96509;\">E\u011fitim S\u00fcresi<\/h2><div class=\"vcex-teaser-text wpex-mt-10 wpex-last-mb-0 wpex-clr\"><p><strong>E\u011fitim S\u00fcresi:<\/strong> 1\/2 G\u00fcn<\/p>\n<p><strong>E\u011fitim Saati:<\/strong> 09:30 &#8211; 17:00<\/p>\n<p><strong>Kat\u0131l\u0131mc\u0131 Say\u0131s\u0131:<\/strong> 8 Ki\u015fi (max)<\/p>\n<\/div><\/div><\/div>[\/vc_column][\/vc_row][vc_row][vc_column width=&#8221;2\/3&#8243;]<div class=\"vcex-module vcex-teaser\"><div class=\"vcex-teaser-content\"><h2 class=\"vcex-teaser-heading wpex-heading wpex-text-lg\" style=\"color:#000000;font-size:24px;\">De\u011ferlendirme Merkezi Uygulama G\u00fcn\u00fc<\/h2><div class=\"vcex-teaser-text wpex-mt-10 wpex-last-mb-0 wpex-clr\" style=\"font-size:14px;\"><ul>\n<li>Kat\u0131l\u0131mc\u0131lar\u0131n De\u011ferlendirme Merkezi&#8217;ne davet edilmesi ve bilgilendirilmesi<\/li>\n<li>Tan\u0131\u015fma toplant\u0131s\u0131 ve g\u00fcn ak\u0131\u015f\u0131n\u0131n tan\u0131t\u0131m\u0131<\/li>\n<li>Rol \u00c7al\u0131\u015fmas\u0131 Egzersizi<\/li>\n<li>Vaka Analizi ve Sunum Egzersizi<\/li>\n<li>Grup \u00c7al\u0131\u015fmas\u0131 Egzersizi<\/li>\n<li>Inbox-Bekleyen \u0130\u015fler Egzersizi<\/li>\n<li>Ger\u00e7ekleri Bulma Egzersizi<\/li>\n<li>Yetkinlik Odakl\u0131 M\u00fclakat<\/li>\n<li>G\u00fcn sonu de\u011ferlendirme ve anl\u0131k geribildirim<\/li>\n<\/ul>\n<\/div><\/div><\/div>[\/vc_column][vc_column width=&#8221;1\/3&#8243;]<div class=\"vcex-module vcex-teaser\"><div class=\"vcex-teaser-content\"><h2 class=\"vcex-teaser-heading wpex-heading wpex-text-lg\" style=\"color:#f96509;\">E\u011fitim S\u00fcresi<\/h2><div class=\"vcex-teaser-text wpex-mt-10 wpex-last-mb-0 wpex-clr\"><p><strong>E\u011fitim S\u00fcresi:<\/strong> 1\/2 G\u00fcn<\/p>\n<p><strong>E\u011fitim Saati:<\/strong> 09:30 &#8211; 17:00<\/p>\n<p><strong>Kat\u0131l\u0131mc\u0131 Say\u0131s\u0131:<\/strong> 8 Ki\u015fi (max)<\/p>\n<\/div><\/div><\/div>[\/vc_column][\/vc_row][vc_row][vc_column width=&#8221;2\/3&#8243;]<div class=\"vcex-module vcex-teaser\"><div class=\"vcex-teaser-content\"><h2 class=\"vcex-teaser-heading wpex-heading wpex-text-lg\" style=\"color:#000000;font-size:24px;\">De\u011ferlendirme Raporu Yaz\u0131m Teknikleri<\/h2><div class=\"vcex-teaser-text wpex-mt-10 wpex-last-mb-0 wpex-clr\" style=\"font-size:14px;\"><ul>\n<li>De\u011ferlendirme Raporu Yazma Teknikleri<\/li>\n<li>G\u00f6zlem Yapma ve Not Alma<\/li>\n<li>S\u0131nf\u0131rland\u0131rma: Davran\u0131\u015f g\u00f6stergelerini yetkinliklere g\u00f6re s\u0131n\u0131fland\u0131rma<\/li>\n<li>\u00c7\u0131kar\u0131m Yapma: Yetkinliklere g\u00f6re \u00e7\u0131kar\u0131m yapma<\/li>\n<li>G\u00fc\u00e7l\u00fc Y\u00f6nler ve Geli\u015fim Alanlar\u0131n\u0131n belirlenmesi<\/li>\n<li>Farkl\u0131 egzersiz ve dan\u0131\u015fmanlar\u0131n g\u00f6zlemlerinin konsolidasyonu<\/li>\n<li>Skorlama: G\u00fc\u00e7l\u00fc y\u00f6n ve geli\u015fim alanlar\u0131na g\u00f6re de\u011ferlendirme skalas\u0131na g\u00f6re skorlama<\/li>\n<\/ul>\n<\/div><\/div><\/div>[\/vc_column][vc_column width=&#8221;1\/3&#8243;]<div class=\"vcex-module vcex-teaser\"><div class=\"vcex-teaser-content\"><h2 class=\"vcex-teaser-heading wpex-heading wpex-text-lg\" style=\"color:#f96509;\">E\u011fitim S\u00fcresi<\/h2><div class=\"vcex-teaser-text wpex-mt-10 wpex-last-mb-0 wpex-clr\"><p><strong>E\u011fitim S\u00fcresi:<\/strong> 1\/2 G\u00fcn<\/p>\n<p><strong>E\u011fitim Saati:<\/strong> 09:30 &#8211; 17:00<\/p>\n<p><strong>Kat\u0131l\u0131mc\u0131 Say\u0131s\u0131:<\/strong> 8 Ki\u015fi (max)<\/p>\n<\/div><\/div><\/div>[\/vc_column][\/vc_row][vc_row][vc_column width=&#8221;2\/3&#8243;]<div class=\"vcex-module vcex-teaser\"><div class=\"vcex-teaser-content\"><h2 class=\"vcex-teaser-heading wpex-heading wpex-text-lg\" style=\"color:#000000;font-size:24px;\">Geribildirim Verme Teknikleri<\/h2><div class=\"vcex-teaser-text wpex-mt-10 wpex-last-mb-0 wpex-clr\" style=\"font-size:14px;\"><ul>\n<li>Geribildirim verme teknikleri<\/li>\n<li>Somut g\u00f6zlem ve Ki\u015filik envanteri sonu\u00e7lar\u0131n\u0131n payla\u015f\u0131m\u0131<\/li>\n<li>G\u00fc\u00e7l\u00fc Y\u00f6n ve Geli\u015fim Alanlar\u0131n\u0131n Payla\u015f\u0131m\u0131<\/li>\n<li>Geli\u015fim Plan\u0131n\u0131n Olu\u015fturulmas\u0131<\/li>\n<\/ul>\n<\/div><\/div><\/div>[\/vc_column][vc_column width=&#8221;1\/3&#8243;]<div class=\"vcex-module vcex-teaser\"><div class=\"vcex-teaser-content\"><h2 class=\"vcex-teaser-heading wpex-heading wpex-text-lg\" style=\"color:#f96509;\">E\u011fitim S\u00fcresi<\/h2><div class=\"vcex-teaser-text wpex-mt-10 wpex-last-mb-0 wpex-clr\"><p><strong>E\u011fitim S\u00fcresi:<\/strong> 1 G\u00fcn<\/p>\n<p><strong>E\u011fitim Saati:<\/strong> 09:30 &#8211; 17:00<\/p>\n<p><strong>Kat\u0131l\u0131mc\u0131 Say\u0131s\u0131:<\/strong> 8 Ki\u015fi (max)<\/p>\n<\/div><\/div><\/div>[\/vc_column][\/vc_row][vc_row][vc_column][vc_single_image image=&#8221;5261&#8243; alignment=&#8221;center&#8221;][\/vc_column][\/vc_row]\n","protected":false},"excerpt":{"rendered":"<p>[vc_row][vc_column][vc_cta h2=&#8221;De\u011ferlendirici E\u011fitimi&#8221; txt_align=&#8221;center&#8221; color=&#8221;white&#8221; css=&#8221;.vc_custom_1571301266588{background-color: #f96509 !important;}&#8221;]5 a\u015famadan olu\u015fan mod\u00fcler bir e\u011fitim program\u0131d\u0131r. De\u011ferlendirme Merkezi ve Yetkinliklere Genel Bak\u0131\u015f, De\u011ferlendirme Merkezi Tasar\u0131m\u0131, De\u011ferlendirme Merkezi Uygulama G\u00fcn\u00fc, De\u011ferlendirme Raporu Yazama Teknikleri ve Geribildirim Verme Teknikleri[\/vc_cta][\/vc_column][\/vc_row][vc_row][vc_column width=&#8221;2\/3&#8243;][\/vc_column][vc_column width=&#8221;1\/3&#8243;][\/vc_column][\/vc_row][vc_row][vc_column width=&#8221;2\/3&#8243;][\/vc_column][vc_column width=&#8221;1\/3&#8243;][\/vc_column][\/vc_row][vc_row][vc_column width=&#8221;2\/3&#8243;][\/vc_column][vc_column width=&#8221;1\/3&#8243;][\/vc_column][\/vc_row][vc_row][vc_column width=&#8221;2\/3&#8243;][\/vc_column][vc_column width=&#8221;1\/3&#8243;][\/vc_column][\/vc_row][vc_row][vc_column width=&#8221;2\/3&#8243;][\/vc_column][vc_column width=&#8221;1\/3&#8243;][\/vc_column][\/vc_row][vc_row][vc_column][vc_single_image image=&#8221;5261&#8243; alignment=&#8221;center&#8221;][\/vc_column][\/vc_row]<\/p>\n","protected":false},"author":1,"featured_media":0,"parent":0,"menu_order":0,"comment_status":"closed","ping_status":"closed","template":"","meta":[],"_links":{"self":[{"href":"https:\/\/degerlendirmemerkezinehazirlik.com\/index.php\/wp-json\/wp\/v2\/pages\/5129"}],"collection":[{"href":"https:\/\/degerlendirmemerkezinehazirlik.com\/index.php\/wp-json\/wp\/v2\/pages"}],"about":[{"href":"https:\/\/degerlendirmemerkezinehazirlik.com\/index.php\/wp-json\/wp\/v2\/types\/page"}],"author":[{"embeddable":true,"href":"https:\/\/degerlendirmemerkezinehazirlik.com\/index.php\/wp-json\/wp\/v2\/users\/1"}],"replies":[{"embeddable":true,"href":"https:\/\/degerlendirmemerkezinehazirlik.com\/index.php\/wp-json\/wp\/v2\/comments?post=5129"}],"version-history":[{"count":17,"href":"https:\/\/degerlendirmemerkezinehazirlik.com\/index.php\/wp-json\/wp\/v2\/pages\/5129\/revisions"}],"predecessor-version":[{"id":5424,"href":"https:\/\/degerlendirmemerkezinehazirlik.com\/index.php\/wp-json\/wp\/v2\/pages\/5129\/revisions\/5424"}],"wp:attachment":[{"href":"https:\/\/degerlendirmemerkezinehazirlik.com\/index.php\/wp-json\/wp\/v2\/media?parent=5129"}],"curies":[{"name":"wp","href":"https:\/\/api.w.org\/{rel}","templated":true}]}}