{"id":5387,"date":"2020-04-16T13:33:40","date_gmt":"2020-04-16T10:33:40","guid":{"rendered":"https:\/\/degerlendirmemerkezinehazirlik.com\/?page_id=5387"},"modified":"2020-04-26T15:45:20","modified_gmt":"2020-04-26T12:45:20","slug":"testler","status":"publish","type":"page","link":"https:\/\/degerlendirmemerkezinehazirlik.com\/index.php\/testler\/","title":{"rendered":"Testler"},"content":{"rendered":"[vc_row][vc_column]<div class=\"vcex-module vcex-feature-box wpex-flex wpex-flex-col wpex-sm-flex-row-reverse wpex-justify-between wpex-gap-30 left-content-right-image\"><div class=\"vcex-feature-box-media wpex-sm-w-50\"><div class=\"vcex-feature-box-image wpex-relative wpex-sm-text-right\"><img width=\"198\" height=\"215\" src=\"https:\/\/degerlendirmemerkezinehazirlik.com\/wp-content\/uploads\/2020\/04\/VAQ-2.png\" class=\"attachment-full size-full\" alt=\"\" loading=\"lazy\" \/><\/div><\/div><div class=\"vcex-feature-box-content wpex-sm-w-50 wpex-clr\"><h2 class=\"vcex-feature-box-heading wpex-heading wpex-text-lg wpex-mb-20\" style=\"color:#000000;font-size:24px;\">VAQ S\u00f6zel Anlama Testi<\/h2><div class=\"vcex-feature-box-text wpex-last-mb-0 wpex-clr\" style=\"font-size:14px;\"><p>VAQ S\u00f6zel Anlama Testi, okudu\u011funuzu anlama ve de\u011ferlendirme becerilerinizi anlamak amac\u0131 ile olu\u015fturulmu\u015f Online Test Sistemi \u00fczerinden yap\u0131lan bir testtir.<\/p>\n<p>VAQ toplam 13 adet s\u00f6zel paragraftan ve 52 tane de\u011ferlendirme sorusundan olu\u015fur.<\/p>\n<p><strong>TEST S\u00dcRES\u0130:<\/strong> 25 dakika<\/p>\n<p><strong>SORU SAYISI:<\/strong> 13 Paragraf &#8211; 52 Soru<\/p>\n<\/div><\/div><\/div>[\/vc_column][\/vc_row][vc_row][vc_column]<div class=\"vcex-module vcex-feature-box wpex-flex wpex-flex-col wpex-sm-flex-row-reverse wpex-justify-between wpex-gap-30 left-content-right-image\"><div class=\"vcex-feature-box-media wpex-sm-w-50\"><div class=\"vcex-feature-box-image wpex-relative wpex-sm-text-right\"><img width=\"201\" height=\"213\" src=\"https:\/\/degerlendirmemerkezinehazirlik.com\/wp-content\/uploads\/2020\/04\/NAQ-1.png\" class=\"attachment-full size-full\" alt=\"\" loading=\"lazy\" \/><\/div><\/div><div class=\"vcex-feature-box-content wpex-sm-w-50 wpex-clr\"><h2 class=\"vcex-feature-box-heading wpex-heading wpex-text-lg wpex-mb-20\" style=\"color:#000000;font-size:24px;\">NAQ Say\u0131sal Anlama Testi<\/h2><div class=\"vcex-feature-box-text wpex-last-mb-0 wpex-clr\"><p>NAQ Say\u0131sal Anlama Testi, say\u0131sal verileri analiz etme ve de\u011ferlendirme becerilerinizi anlamak i\u00e7in olu\u015fturulmu\u015f Online Test Sistemi \u00fczerinden yap\u0131lan bir testtir.<\/p>\n<p>NAQ toplam 7 adet istatistiksel grafik ve tablodan ve 40 sorudan olu\u015fur.<\/p>\n<p><strong>TEST S\u00dcRES\u0130:<\/strong> 35 dakika<\/p>\n<p><strong>SORU SAYISI:<\/strong> 7 Grafik &#8211; 40 Soru<\/p>\n<\/div><\/div><\/div>[\/vc_column][\/vc_row][vc_row][vc_column]<div class=\"vcex-module vcex-feature-box wpex-flex wpex-flex-col wpex-sm-flex-row-reverse wpex-justify-between wpex-gap-30 left-content-right-image\"><div class=\"vcex-feature-box-media wpex-sm-w-50\"><div class=\"vcex-feature-box-image wpex-relative wpex-sm-text-right\"><img width=\"203\" height=\"214\" src=\"https:\/\/degerlendirmemerkezinehazirlik.com\/wp-content\/uploads\/2020\/04\/SJQ-1.png\" class=\"attachment-full size-full\" alt=\"\" loading=\"lazy\" \/><\/div><\/div><div class=\"vcex-feature-box-content wpex-sm-w-50 wpex-clr\"><h2 class=\"vcex-feature-box-heading wpex-heading wpex-text-lg wpex-mb-20\" style=\"color:#000000;font-size:24px;\">SJQ Durumsal Karar Alma Testi<\/h2><div class=\"vcex-feature-box-text wpex-last-mb-0 wpex-clr\"><p>SJQ Durumsal Karar Alma Testi, farkl\u0131 durumlar kar\u015f\u0131s\u0131nda karar alma becerilerinizi de\u011ferlendirmek amac\u0131 ile olu\u015fturulmu\u015f Online Test Sistemi \u00fczerinden yap\u0131lan bir testtir.<\/p>\n<p>SJQ, toplam 4 Senaryo ve 16 durumsal karar alma sorusu i\u00e7erir.<\/p>\n<p><strong>TEST S\u00dcRES\u0130:<\/strong> 40 dakika<\/p>\n<p><strong>SORU SAYISI:<\/strong> 4 Senaryo &#8211; 16 Soru<\/p>\n<\/div><\/div><\/div>[\/vc_column][\/vc_row]\n","protected":false},"excerpt":{"rendered":"<p>[vc_row][vc_column][\/vc_column][\/vc_row][vc_row][vc_column][\/vc_column][\/vc_row][vc_row][vc_column][\/vc_column][\/vc_row]<\/p>\n","protected":false},"author":1,"featured_media":0,"parent":0,"menu_order":0,"comment_status":"closed","ping_status":"closed","template":"","meta":[],"_links":{"self":[{"href":"https:\/\/degerlendirmemerkezinehazirlik.com\/index.php\/wp-json\/wp\/v2\/pages\/5387"}],"collection":[{"href":"https:\/\/degerlendirmemerkezinehazirlik.com\/index.php\/wp-json\/wp\/v2\/pages"}],"about":[{"href":"https:\/\/degerlendirmemerkezinehazirlik.com\/index.php\/wp-json\/wp\/v2\/types\/page"}],"author":[{"embeddable":true,"href":"https:\/\/degerlendirmemerkezinehazirlik.com\/index.php\/wp-json\/wp\/v2\/users\/1"}],"replies":[{"embeddable":true,"href":"https:\/\/degerlendirmemerkezinehazirlik.com\/index.php\/wp-json\/wp\/v2\/comments?post=5387"}],"version-history":[{"count":11,"href":"https:\/\/degerlendirmemerkezinehazirlik.com\/index.php\/wp-json\/wp\/v2\/pages\/5387\/revisions"}],"predecessor-version":[{"id":5431,"href":"https:\/\/degerlendirmemerkezinehazirlik.com\/index.php\/wp-json\/wp\/v2\/pages\/5387\/revisions\/5431"}],"wp:attachment":[{"href":"https:\/\/degerlendirmemerkezinehazirlik.com\/index.php\/wp-json\/wp\/v2\/media?parent=5387"}],"curies":[{"name":"wp","href":"https:\/\/api.w.org\/{rel}","templated":true}]}}