{"id":5449,"date":"2020-06-01T11:43:09","date_gmt":"2020-06-01T08:43:09","guid":{"rendered":"https:\/\/degerlendirmemerkezinehazirlik.com\/?page_id=5449"},"modified":"2020-07-27T19:31:42","modified_gmt":"2020-07-27T16:31:42","slug":"simulasyon-hazirlik","status":"publish","type":"page","link":"https:\/\/degerlendirmemerkezinehazirlik.com\/index.php\/simulasyon-hazirlik\/","title":{"rendered":"Sim\u00fclasyon Haz\u0131rl\u0131k"},"content":{"rendered":"[vc_row][vc_column][vc_single_image image=&#8221;5523&#8243;][\/vc_column][\/vc_row][vc_row][vc_column width=&#8221;1\/2&#8243;]<h2 class=\"vcex-heading vcex-module wpex-text-2xl wpex-font-normal wpex-m-auto wpex-max-w-100 vcex-heading-plain wpex-block\" data-wpex-hover=\"{&quot;color&quot;:&quot;#000000&quot;}\" style=\"color:#f65905;font-size:24px;\"><span class=\"vcex-heading-inner wpex-inline-block wpex-clr\">Sim\u00fclasyona Haz\u0131rl\u0131k<\/span><\/h2>[vc_column_text font_size=&#8221;18&#8243; color=&#8221;#000000&#8243;]Sim\u00fclasyona Haz\u0131rl\u0131k, i\u015fe al\u0131m ve terfi ama\u00e7l\u0131 girece\u011finiz Online Assessment de\u011ferlendirme s\u0131nav\u0131na online vaka ve sim\u00fclasyonla haz\u0131rl\u0131k yapman\u0131z\u0131 sa\u011flar.<\/p>\n<p>Sim\u00fclasyona Haz\u0131rl\u0131k vaka ve sim\u00fclasyonlar\u0131 i\u00e7inde 6 farkl\u0131 g\u00f6rev ve online uygulama yer al\u0131r.[\/vc_column_text][\/vc_column][vc_column width=&#8221;1\/2&#8243;][vc_video link=&#8221;https:\/\/www.youtube.com\/watch?v=fsx9p09_u2E&#038;t=7s&#8221;][\/vc_column][\/vc_row][vc_row][vc_column][vc_text_separator title=&#8221;S\u0130M\u00dcLASYON UYGULAMA S\u00dcREC\u0130&#8221; color=&#8221;custom&#8221; accent_color=&#8221;#f65905&#8243;]<div class=\"vcex-spacing wpex-w-100 wpex-clear\"><\/div>[vc_single_image image=&#8221;5522&#8243;]<div class=\"vcex-spacing wpex-w-100 wpex-clear\"><\/div>[vc_text_separator title=&#8221;S\u0130M\u00dcLASYON G\u00d6REVLER&#8221; color=&#8221;custom&#8221; accent_color=&#8221;#f65905&#8243;][\/vc_column][\/vc_row][vc_row][vc_column width=&#8221;1\/2&#8243;]<h2 class=\"vcex-heading vcex-module wpex-text-2xl wpex-font-normal wpex-m-auto wpex-max-w-100 vcex-heading-plain wpex-block\" data-wpex-hover=\"{&quot;color&quot;:&quot;#000000&quot;}\" style=\"color:#f65905;font-size:24px;\"><span class=\"vcex-heading-inner wpex-inline-block wpex-clr\">1. Durumsal Karar Alma<\/span><\/h2>[vc_column_text font_size=&#8221;14&#8243; color=&#8221;#000000&#8243;]Vaka i\u00e7inde verilen durumda ne yapaca\u011f\u0131n\u0131z\u0131 de\u011ferlendirmeye y\u00f6nelik sorulard\u0131r. Se\u00e7enekler i\u00e7inde en uygun karar\u0131 alman\u0131z beklenir.[\/vc_column_text][\/vc_column][vc_column width=&#8221;1\/2&#8243;]<h2 class=\"vcex-heading vcex-module wpex-text-2xl wpex-font-normal wpex-m-auto wpex-max-w-100 vcex-heading-plain wpex-block\" data-wpex-hover=\"{&quot;color&quot;:&quot;#000000&quot;}\" style=\"color:#f65905;font-size:24px;\"><span class=\"vcex-heading-inner wpex-inline-block wpex-clr\">2. \u0130\u015f ve G\u00f6rev \u00d6nceliklendirme<\/span><\/h2>[vc_column_text font_size=&#8221;14&#8243; color=&#8221;#000000&#8243;]Vakada verilen durum i\u00e7indeki i\u015flerle ilgili bir \u00f6nceliklendirme yaparak i\u015flerin \u00f6nem ve \u00f6ncelik seviyesini s\u0131ralaman\u0131z beklenir.[\/vc_column_text][\/vc_column][\/vc_row][vc_row][vc_column width=&#8221;1\/2&#8243;]<h2 class=\"vcex-heading vcex-module wpex-text-2xl wpex-font-normal wpex-m-auto wpex-max-w-100 vcex-heading-plain wpex-block\" data-wpex-hover=\"{&quot;color&quot;:&quot;#000000&quot;}\" style=\"color:#f65905;font-size:24px;\"><span class=\"vcex-heading-inner wpex-inline-block wpex-clr\">3. Delegasyon<\/span><\/h2>[vc_column_text font_size=&#8221;14&#8243; color=&#8221;#000000&#8243;]Verilen durumda i\u015fi ekibiniz i\u00e7inde yer alan ki\u015filere delege etmeniz beklenir. Ekibinizin \u00f6zelliklerine g\u00f6re se\u00e7enekler i\u00e7inde karar vermeniz beklenir.[\/vc_column_text][\/vc_column][vc_column width=&#8221;1\/2&#8243;]<h2 class=\"vcex-heading vcex-module wpex-text-2xl wpex-font-normal wpex-m-auto wpex-max-w-100 vcex-heading-plain wpex-block\" data-wpex-hover=\"{&quot;color&quot;:&quot;#000000&quot;}\" style=\"color:#f65905;font-size:24px;\"><span class=\"vcex-heading-inner wpex-inline-block wpex-clr\">4. \u0130\u015f ve G\u00f6rev Planlama<\/span><\/h2>[vc_column_text font_size=&#8221;14&#8243;]Bir proje veya bir i\u015fi elinizdeki kaynaklar\u0131 da dikkate alarak planlaman\u0131za y\u00f6nelik bir sorudur. \u0130nsan, zaman, ekipman ve tedarik\u00e7i gibi t\u00fcm kaynaklar\u0131 dikkate alarak planlama yapman\u0131z beklenir.[\/vc_column_text][\/vc_column][\/vc_row][vc_row][vc_column width=&#8221;1\/2&#8243;]<h2 class=\"vcex-heading vcex-module wpex-text-2xl wpex-font-normal wpex-m-auto wpex-max-w-100 vcex-heading-plain wpex-block\" data-wpex-hover=\"{&quot;color&quot;:&quot;#000000&quot;}\" style=\"color:#f65905;font-size:24px;\"><span class=\"vcex-heading-inner wpex-inline-block wpex-clr\">5. Vaka Analizi<\/span><\/h2>[vc_column_text font_size=&#8221;14&#8243;]Online sistemde verilen vakay\u0131 analiz ederek sizden beklenen g\u00f6revlerle ilgili karar alman\u0131z ve sorulara sistem \u00fczerinden cevap vermeniz beklenir.[\/vc_column_text][\/vc_column][vc_column width=&#8221;1\/2&#8243;]<h2 class=\"vcex-heading vcex-module wpex-text-2xl wpex-font-normal wpex-m-auto wpex-max-w-100 vcex-heading-plain wpex-block\" data-wpex-hover=\"{&quot;color&quot;:&quot;#000000&quot;}\" style=\"color:#f65905;\"><span class=\"vcex-heading-inner wpex-inline-block wpex-clr\">6. Kriz Y\u00f6netimi<\/span><\/h2>[vc_column_text font_size=&#8221;14&#8243; color=&#8221;#000000&#8243;]Verilen kriz durumunda karar alarak ve elinizdeki kaynaklar\u0131 kullanarak krizin \u00e7\u00f6z\u00fcm\u00fcne y\u00f6nelik se\u00e7enekler \u00fcretmeniz beklenir.[\/vc_column_text][\/vc_column][\/vc_row][vc_row][vc_column][vc_cta h2=&#8221;S\u0130M\u00dcLASYONA HAZIRLIK&#8221; color=&#8221;white&#8221; css=&#8221;.vc_custom_1591090346622{background-color: #f65905 !important;}&#8221;]<span class=\"white-text\">Online Assessment haz\u0131rl\u0131k uygulmas\u0131n\u0131 planlamak i\u00e7in dan\u0131\u015fmanla\u0131rm\u0131zla ileti\u015fime ge\u00e7in.<\/span>[\/vc_cta][\/vc_column][\/vc_row]\n","protected":false},"excerpt":{"rendered":"<p>[vc_row][vc_column][vc_single_image image=&#8221;5523&#8243;][\/vc_column][\/vc_row][vc_row][vc_column width=&#8221;1\/2&#8243;][vc_column_text font_size=&#8221;18&#8243; color=&#8221;#000000&#8243;]Sim\u00fclasyona Haz\u0131rl\u0131k, i\u015fe al\u0131m ve terfi ama\u00e7l\u0131 girece\u011finiz Online Assessment de\u011ferlendirme s\u0131nav\u0131na online vaka ve sim\u00fclasyonla haz\u0131rl\u0131k yapman\u0131z\u0131 sa\u011flar. Sim\u00fclasyona Haz\u0131rl\u0131k vaka ve sim\u00fclasyonlar\u0131 i\u00e7inde 6 farkl\u0131 g\u00f6rev ve online uygulama yer al\u0131r.[\/vc_column_text][\/vc_column][vc_column width=&#8221;1\/2&#8243;][vc_video link=&#8221;https:\/\/www.youtube.com\/watch?v=fsx9p09_u2E&#038;t=7s&#8221;][\/vc_column][\/vc_row][vc_row][vc_column][vc_text_separator title=&#8221;S\u0130M\u00dcLASYON UYGULAMA S\u00dcREC\u0130&#8221; color=&#8221;custom&#8221; accent_color=&#8221;#f65905&#8243;][vc_single_image image=&#8221;5522&#8243;][vc_text_separator title=&#8221;S\u0130M\u00dcLASYON G\u00d6REVLER&#8221; color=&#8221;custom&#8221; accent_color=&#8221;#f65905&#8243;][\/vc_column][\/vc_row][vc_row][vc_column width=&#8221;1\/2&#8243;][vc_column_text font_size=&#8221;14&#8243; color=&#8221;#000000&#8243;]Vaka i\u00e7inde verilen durumda&hellip;<\/p>\n","protected":false},"author":1,"featured_media":0,"parent":0,"menu_order":0,"comment_status":"closed","ping_status":"closed","template":"","meta":[],"_links":{"self":[{"href":"https:\/\/degerlendirmemerkezinehazirlik.com\/index.php\/wp-json\/wp\/v2\/pages\/5449"}],"collection":[{"href":"https:\/\/degerlendirmemerkezinehazirlik.com\/index.php\/wp-json\/wp\/v2\/pages"}],"about":[{"href":"https:\/\/degerlendirmemerkezinehazirlik.com\/index.php\/wp-json\/wp\/v2\/types\/page"}],"author":[{"embeddable":true,"href":"https:\/\/degerlendirmemerkezinehazirlik.com\/index.php\/wp-json\/wp\/v2\/users\/1"}],"replies":[{"embeddable":true,"href":"https:\/\/degerlendirmemerkezinehazirlik.com\/index.php\/wp-json\/wp\/v2\/comments?post=5449"}],"version-history":[{"count":20,"href":"https:\/\/degerlendirmemerkezinehazirlik.com\/index.php\/wp-json\/wp\/v2\/pages\/5449\/revisions"}],"predecessor-version":[{"id":5524,"href":"https:\/\/degerlendirmemerkezinehazirlik.com\/index.php\/wp-json\/wp\/v2\/pages\/5449\/revisions\/5524"}],"wp:attachment":[{"href":"https:\/\/degerlendirmemerkezinehazirlik.com\/index.php\/wp-json\/wp\/v2\/media?parent=5449"}],"curies":[{"name":"wp","href":"https:\/\/api.w.org\/{rel}","templated":true}]}}