{"id":5770,"date":"2022-08-06T11:24:55","date_gmt":"2022-08-06T08:24:55","guid":{"rendered":"https:\/\/degerlendirmemerkezinehazirlik.com\/?page_id=5770"},"modified":"2026-02-05T11:13:19","modified_gmt":"2026-02-05T08:13:19","slug":"etkinlikler","status":"publish","type":"page","link":"https:\/\/degerlendirmemerkezinehazirlik.com\/index.php\/etkinlikler\/","title":{"rendered":"Etkinlikler"},"content":{"rendered":"[vc_row][vc_column]<div class=\"vcex-module vcex-feature-box wpex-flex wpex-flex-col wpex-sm-flex-row-reverse wpex-justify-between wpex-gap-30 left-content-right-image\"><div class=\"vcex-feature-box-media wpex-sm-w-50\"><div class=\"vcex-feature-box-image wpex-relative wpex-sm-text-right\"><img width=\"1080\" height=\"1080\" src=\"https:\/\/degerlendirmemerkezinehazirlik.com\/wp-content\/uploads\/2026\/02\/Dendirme-Merkezine-Hazirlik-Subat-2026.jpg\" class=\"attachment-full size-full\" alt=\"\" loading=\"lazy\" srcset=\"https:\/\/degerlendirmemerkezinehazirlik.com\/wp-content\/uploads\/2026\/02\/Dendirme-Merkezine-Hazirlik-Subat-2026.jpg 1080w, https:\/\/degerlendirmemerkezinehazirlik.com\/wp-content\/uploads\/2026\/02\/Dendirme-Merkezine-Hazirlik-Subat-2026-300x300.jpg 300w, https:\/\/degerlendirmemerkezinehazirlik.com\/wp-content\/uploads\/2026\/02\/Dendirme-Merkezine-Hazirlik-Subat-2026-1024x1024.jpg 1024w, https:\/\/degerlendirmemerkezinehazirlik.com\/wp-content\/uploads\/2026\/02\/Dendirme-Merkezine-Hazirlik-Subat-2026-150x150.jpg 150w, https:\/\/degerlendirmemerkezinehazirlik.com\/wp-content\/uploads\/2026\/02\/Dendirme-Merkezine-Hazirlik-Subat-2026-768x768.jpg 768w, https:\/\/degerlendirmemerkezinehazirlik.com\/wp-content\/uploads\/2026\/02\/Dendirme-Merkezine-Hazirlik-Subat-2026-600x600.jpg 600w, https:\/\/degerlendirmemerkezinehazirlik.com\/wp-content\/uploads\/2026\/02\/Dendirme-Merkezine-Hazirlik-Subat-2026-100x100.jpg 100w\" sizes=\"(max-width: 1080px) 100vw, 1080px\" \/><\/div><\/div><div class=\"vcex-feature-box-content wpex-sm-w-50 wpex-clr\"><h1 class=\"vcex-feature-box-heading wpex-heading wpex-text-lg wpex-mb-20\">De\u011ferlendirme Merkezine Haz\u0131rl\u0131k E\u011fitim ve Vaka Uygulama \u015eubat 2026 Program\u0131m\u0131z yay\u0131nda<\/h1><div class=\"vcex-feature-box-text wpex-last-mb-0 wpex-clr\"><p>Ocak ay\u0131 program\u0131m\u0131za g\u00f6sterdi\u011finiz yo\u011fun ilgiden dolay\u0131 te\u015fekk\u00fcr ederiz.<\/p>\n<div class=\"vcex-feature-box-text wpex-last-mb-0 wpex-clr\">\n<p>Toplam 1 G\u00fcn \u2013 7 saat s\u00fcresince 5 farkl\u0131 i\u015f sim\u00fclasyonu ile \u0130\u015f Plan\u0131 Geli\u015ftirme ve Sunum Yapma, \u00c7al\u0131\u015fan Geribildirimi ve Performans\u0131 Y\u00f6netme, Grup Toplant\u0131s\u0131 \u0130kna ve M\u00fczakere Becerileri, \u0130\u015f \u00d6nceliklendirme ve Delegasyon yetkinliklerinizi geli\u015ftirme f\u0131rsat\u0131 bulacaks\u0131n\u0131z.<\/p>\n<p>E\u011fitim takvimimiz:<\/p>\n<ul>\n<li>-1. Hafta: 04 \u015eubat, 06 \u015eubat, 07 \u015eubat<br \/>\n-2. Hafta: 09 \u015eubat, 11 \u015eubat, 12 \u015eubat<br \/>\n-3. Hafta: 16 \u015eubat, 18 \u015eubat, 20 \u015eubat<br \/>\n-4. Hafta: 23 \u015eubat, 25 \u015eubat, 27 \u015eubat<\/li>\n<\/ul>\n<p>E\u011fitmen: T\u00fclay Bozkurt<br \/>\nUygulama: Online (Zoom\/Teams) veya Y\u00fcz Y\u00fcze (Risus \u0130nternational Ata\u015fehir Ofisi)<\/p>\n<p>E\u011fitim plan\u0131n\u0131z\u0131 yapmak i\u00e7in ileti\u015fim bilgilerimiz:<br \/>\nE-posta: bilgi@risusinternational.com<br \/>\nT: 0 216 3218683<br \/>\nGSM: 0 533 0379127<\/p>\n<p><a class=\"x1i10hfl xjbqb8w x6umtig x1b1mbwd xaqea5y xav7gou x9f619 x1ypdohk xt0psk2 xe8uvvx xdj266r x11i5rnm xat24cr x1mh8g0r xexx8yu x4uap5 x18d9i69 xkhd6sd x16tdsg8 x1hl2dhg xggy1nq x1a2a7pz xt0b8zv x1fey0fg\" role=\"link\" href=\"http:\/\/www.risusinternational.com\/?fbclid=IwAR2BlcKyWzGJXk13aVcp0Fhas5UHOa0Z0wbHiJRnyy2j9m-ck7tgi-6Pp9Q\" target=\"_blank\" rel=\"nofollow noopener noreferrer\">www.risusinternational.com<\/a><\/p>\n<\/div>\n<\/div><\/div><\/div>[\/vc_column][\/vc_row][vc_row][vc_column]<div class=\"vcex-module vcex-feature-box wpex-flex wpex-flex-col wpex-sm-flex-row-reverse wpex-justify-between wpex-gap-30 left-content-right-image\"><div class=\"vcex-feature-box-media wpex-sm-w-50\"><div class=\"vcex-feature-box-image wpex-relative wpex-sm-text-right\"><img width=\"1080\" height=\"1080\" src=\"https:\/\/degerlendirmemerkezinehazirlik.com\/wp-content\/uploads\/2026\/02\/VAKA-ANALIZI-ve-SUNUM-2026-SUBAT.png\" class=\"attachment-full size-full\" alt=\"\" loading=\"lazy\" srcset=\"https:\/\/degerlendirmemerkezinehazirlik.com\/wp-content\/uploads\/2026\/02\/VAKA-ANALIZI-ve-SUNUM-2026-SUBAT.png 1080w, https:\/\/degerlendirmemerkezinehazirlik.com\/wp-content\/uploads\/2026\/02\/VAKA-ANALIZI-ve-SUNUM-2026-SUBAT-300x300.png 300w, https:\/\/degerlendirmemerkezinehazirlik.com\/wp-content\/uploads\/2026\/02\/VAKA-ANALIZI-ve-SUNUM-2026-SUBAT-1024x1024.png 1024w, https:\/\/degerlendirmemerkezinehazirlik.com\/wp-content\/uploads\/2026\/02\/VAKA-ANALIZI-ve-SUNUM-2026-SUBAT-150x150.png 150w, https:\/\/degerlendirmemerkezinehazirlik.com\/wp-content\/uploads\/2026\/02\/VAKA-ANALIZI-ve-SUNUM-2026-SUBAT-768x768.png 768w, https:\/\/degerlendirmemerkezinehazirlik.com\/wp-content\/uploads\/2026\/02\/VAKA-ANALIZI-ve-SUNUM-2026-SUBAT-600x600.png 600w, https:\/\/degerlendirmemerkezinehazirlik.com\/wp-content\/uploads\/2026\/02\/VAKA-ANALIZI-ve-SUNUM-2026-SUBAT-100x100.png 100w\" sizes=\"(max-width: 1080px) 100vw, 1080px\" \/><\/div><\/div><div class=\"vcex-feature-box-content wpex-sm-w-50 wpex-clr\"><h2 class=\"vcex-feature-box-heading wpex-heading wpex-text-lg wpex-mb-20\">1Vaka Analizi ve 1 Sunum E\u011fitimi \u015eubat 2026<\/h2><div class=\"vcex-feature-box-text wpex-last-mb-0 wpex-clr\"><h1 class=\"vcex-feature-box-heading wpex-heading wpex-text-lg wpex-mb-20\"><span style=\"color: #616161;font-size: 13px\">1 Vaka Analizi ve 1 Sunum E\u011fitimi \u015eUBAT 2026 program\u0131m\u0131z yay\u0131nda\u2026<\/span><\/h1>\n<div class=\"vcex-feature-box-text wpex-last-mb-0 wpex-clr\">\n<p>&nbsp;<\/p>\n<p>E\u011fitmenimiz e\u015fli\u011finde 1 Vaka Analizi ve 1 Sunum yaparak Vaka Analizi ve Sunum yapma yetkinliklerinizi geli\u015ftireceksiniz.<\/p>\n<p>E\u011fitim kat\u0131l\u0131m bilgilerinden e\u011fitime kay\u0131t olarak Vaka Analizi\u2019ne \u00f6n haz\u0131rl\u0131k yapabilirsiniz.<\/p>\n<p>E\u011fitim bilgileri:<\/p>\n<p>\u2013 Tarih: 08 \u015eUBAT, 13 \u015eUBAT, 21 \u015eUBAT, 26 \u015eUBAT<\/p>\n<p>\u2013 Saat: 3 Saat (09:30 \u2013 12:30)<br \/>\n\u2013 Kat\u0131l\u0131m \u00dccreti: Bir vaka analiz ve sunum e\u011fitimini i\u00e7ermektedir.<br \/>\n\u2013 Kay\u0131t Bilgileri: E-Posta: T:0 216 3218683 | M:0 533 0379127<\/p>\n<\/div>\n<\/div><\/div><\/div>[\/vc_column][vc_column]<div class=\"vcex-module vcex-feature-box wpex-flex wpex-flex-col wpex-sm-flex-row-reverse wpex-justify-between wpex-gap-30 left-content-right-image\"><div class=\"vcex-feature-box-media wpex-sm-w-50\"><div class=\"vcex-feature-box-image wpex-relative wpex-sm-text-right\"><img width=\"1080\" height=\"1080\" src=\"https:\/\/degerlendirmemerkezinehazirlik.com\/wp-content\/uploads\/2026\/02\/ROL-CALISMASI-2026-SUBAT.png\" class=\"attachment-full size-full\" alt=\"\" loading=\"lazy\" srcset=\"https:\/\/degerlendirmemerkezinehazirlik.com\/wp-content\/uploads\/2026\/02\/ROL-CALISMASI-2026-SUBAT.png 1080w, https:\/\/degerlendirmemerkezinehazirlik.com\/wp-content\/uploads\/2026\/02\/ROL-CALISMASI-2026-SUBAT-300x300.png 300w, https:\/\/degerlendirmemerkezinehazirlik.com\/wp-content\/uploads\/2026\/02\/ROL-CALISMASI-2026-SUBAT-1024x1024.png 1024w, https:\/\/degerlendirmemerkezinehazirlik.com\/wp-content\/uploads\/2026\/02\/ROL-CALISMASI-2026-SUBAT-150x150.png 150w, https:\/\/degerlendirmemerkezinehazirlik.com\/wp-content\/uploads\/2026\/02\/ROL-CALISMASI-2026-SUBAT-768x768.png 768w, https:\/\/degerlendirmemerkezinehazirlik.com\/wp-content\/uploads\/2026\/02\/ROL-CALISMASI-2026-SUBAT-600x600.png 600w, https:\/\/degerlendirmemerkezinehazirlik.com\/wp-content\/uploads\/2026\/02\/ROL-CALISMASI-2026-SUBAT-100x100.png 100w\" sizes=\"(max-width: 1080px) 100vw, 1080px\" \/><\/div><\/div><div class=\"vcex-feature-box-content wpex-sm-w-50 wpex-clr\"><h2 class=\"vcex-feature-box-heading wpex-heading wpex-text-lg wpex-mb-20\">Rol \u00c7al\u0131\u015fmas\u0131 \u015eubat Ay\u0131 E\u011fitim Program\u0131<\/h2><div class=\"vcex-feature-box-text wpex-last-mb-0 wpex-clr\"><h1 class=\"vcex-feature-box-heading wpex-heading wpex-text-lg wpex-mb-20\"><\/h1>\n<div class=\"vcex-feature-box-text wpex-last-mb-0 wpex-clr\">\n<p>Rol \u00c7al\u0131\u015fmas\u0131\u00a0 \u00c7al\u0131\u015fan Geribildirim G\u00f6r\u00fc\u015fmesi Haz\u0131rl\u0131k \u015eUBAT 2026 Program\u0131m\u0131z yay\u0131nda<\/p>\n<p>Performans Geribildirim g\u00f6r\u00fc\u015fmelerinde dikkat etmeniz gereken ipu\u00e7lar\u0131n\u0131 vaka uygulama e\u011fitimimizde \u00f6rnek vakalarla ve rol oyunu ile hem anlat\u0131yor hem de bire bir geribildirim g\u00f6r\u00fc\u015fmesini deneyimleme imkan\u0131 sunuyoruz.<\/p>\n<p>E\u011fitim bilgileri:<\/p>\n<p>Uygulama Tarihi: 05 \u015eUBAT, 14 \u015eUBAT, 22 \u015eUBAT, 24 \u015eUBAT g\u00fcn\u00fc 09:30-11:30 saatleri aras\u0131nda ger\u00e7ekle\u015fecek e\u011fitimimize kay\u0131t i\u00e7in ileti\u015fim bilgilerinizden bize ula\u015fabilirsiniz.<\/p>\n<p>Kay\u0131t:\u00a0<a class=\"uBRuLksiXRXJNxzCdmDLlNvbeHoNnTVInTsbWCI \" href=\"mailto:bilgi@risusinternational.com\" target=\"_self\" rel=\"noopener\" data-test-app-aware-link=\"\">bilgi@risusinternational.com<\/a><br \/>\nT: 0 216 3218683<br \/>\nGSM: 0 533 0379127<\/p>\n<\/div>\n<h2 class=\"vcex-feature-box-heading\"><span style=\"color: var(--wpex-text-2)\">\u00a0<\/span><\/h2>\n<\/div><\/div><\/div><div class=\"vcex-module vcex-feature-box wpex-flex wpex-flex-col wpex-sm-flex-row-reverse wpex-justify-between wpex-gap-30 left-content-right-image\"><div class=\"vcex-feature-box-media wpex-sm-w-50\"><div class=\"vcex-feature-box-image wpex-relative wpex-sm-text-right\"><img width=\"1080\" height=\"1080\" src=\"https:\/\/degerlendirmemerkezinehazirlik.com\/wp-content\/uploads\/2026\/02\/POSTA-KUTUSU-2026-SUBAT.png\" class=\"attachment-full size-full\" alt=\"\" loading=\"lazy\" srcset=\"https:\/\/degerlendirmemerkezinehazirlik.com\/wp-content\/uploads\/2026\/02\/POSTA-KUTUSU-2026-SUBAT.png 1080w, https:\/\/degerlendirmemerkezinehazirlik.com\/wp-content\/uploads\/2026\/02\/POSTA-KUTUSU-2026-SUBAT-300x300.png 300w, https:\/\/degerlendirmemerkezinehazirlik.com\/wp-content\/uploads\/2026\/02\/POSTA-KUTUSU-2026-SUBAT-1024x1024.png 1024w, https:\/\/degerlendirmemerkezinehazirlik.com\/wp-content\/uploads\/2026\/02\/POSTA-KUTUSU-2026-SUBAT-150x150.png 150w, https:\/\/degerlendirmemerkezinehazirlik.com\/wp-content\/uploads\/2026\/02\/POSTA-KUTUSU-2026-SUBAT-768x768.png 768w, https:\/\/degerlendirmemerkezinehazirlik.com\/wp-content\/uploads\/2026\/02\/POSTA-KUTUSU-2026-SUBAT-600x600.png 600w, https:\/\/degerlendirmemerkezinehazirlik.com\/wp-content\/uploads\/2026\/02\/POSTA-KUTUSU-2026-SUBAT-100x100.png 100w\" sizes=\"(max-width: 1080px) 100vw, 1080px\" \/><\/div><\/div><div class=\"vcex-feature-box-content wpex-sm-w-50 wpex-clr\"><h2 class=\"vcex-feature-box-heading wpex-heading wpex-text-lg wpex-mb-20\">Bekleyen \u0130\u015fler  Posta Kutusu (Inbox - Intray) E\u011fitimi \u015eubat 2026<\/h2><div class=\"vcex-feature-box-text wpex-last-mb-0 wpex-clr\"><p>Posta Kutusu Bekleyen \u0130\u015fler \u015eubat 2026 E\u011fitim ve Vaka Uygulama program\u0131m\u0131z yay\u0131nda.<\/p>\n<p>De\u011ferlendirme Merkezine Haz\u0131rl\u0131k e\u011fitim serimizde Online E-Posta yazma teknikleri e\u011fitimi ile e-postalar\u0131 daha etkin cevaplama tekniklerine uygulamal\u0131 olarak haz\u0131rlan\u0131yorsunuz.<\/p>\n<p>E\u011fitim Tarihi: 10 \u015eUBAT, 17 \u015eUBAT, 26 \u015eUBAT, 28 \u015eUBAT<\/p>\n<p>E\u011fitimimizde<\/p>\n<p>-M\u00fc\u015fteri \u015eikayeti<br \/>\n-\u00c7al\u0131\u015fan \u015eikayeti<br \/>\n-Geciken \u0130\u015fler<br \/>\n-M\u00fc\u015fteri Talepleri<br \/>\n-Ekip \u0130\u00e7i \u00c7at\u0131\u015fmalar<\/p>\n<p>farkl\u0131 konularda e-posta yaz\u0131m tekniklerinde yetkinliklerinizi geli\u015ftiriyorsunuz.<\/p>\n<p>E\u011fitim S\u00fcresi: 3 Saat<br \/>\nE\u011fitim Kay\u0131t:\u00a0<a class=\"uBRuLksiXRXJNxzCdmDLlNvbeHoNnTVInTsbWCI \" href=\"mailto:bilgi@risusinternational.com\" target=\"_self\" rel=\"noopener\" data-test-app-aware-link=\"\">bilgi@risusinternational.com<\/a><br \/>\nT: 0 216 3218683<br \/>\nGSM: 0 533 037 91 27<br \/>\n<a class=\"uBRuLksiXRXJNxzCdmDLlNvbeHoNnTVInTsbWCI \" href=\"https:\/\/www.risusinternational.com\/\" target=\"_self\" rel=\"noopener\" data-test-app-aware-link=\"\">www.risusinternational.com<\/a><\/p>\n<\/div><\/div><\/div>[\/vc_column][\/vc_row][vc_row][vc_column]<div class=\"vcex-module vcex-feature-box wpex-flex wpex-flex-col wpex-sm-flex-row-reverse wpex-justify-between wpex-gap-30 left-content-right-image\"><div class=\"vcex-feature-box-media wpex-sm-w-50\"><div class=\"vcex-feature-box-image wpex-relative wpex-sm-text-right\"><img width=\"723\" height=\"721\" src=\"https:\/\/degerlendirmemerkezinehazirlik.com\/wp-content\/uploads\/2021\/07\/Manager-Simulasyonu.jpg\" class=\"attachment-full size-full\" alt=\"\" loading=\"lazy\" srcset=\"https:\/\/degerlendirmemerkezinehazirlik.com\/wp-content\/uploads\/2021\/07\/Manager-Simulasyonu.jpg 723w, https:\/\/degerlendirmemerkezinehazirlik.com\/wp-content\/uploads\/2021\/07\/Manager-Simulasyonu-300x300.jpg 300w, https:\/\/degerlendirmemerkezinehazirlik.com\/wp-content\/uploads\/2021\/07\/Manager-Simulasyonu-150x150.jpg 150w, https:\/\/degerlendirmemerkezinehazirlik.com\/wp-content\/uploads\/2021\/07\/Manager-Simulasyonu-600x598.jpg 600w, https:\/\/degerlendirmemerkezinehazirlik.com\/wp-content\/uploads\/2021\/07\/Manager-Simulasyonu-100x100.jpg 100w\" sizes=\"(max-width: 723px) 100vw, 723px\" \/><\/div><\/div><div class=\"vcex-feature-box-content wpex-sm-w-50 wpex-clr\"><h2 class=\"vcex-feature-box-heading wpex-heading wpex-text-lg wpex-mb-20\">Manager Sim\u00fclasyonu ile 40 Yeni G\u00f6rev Seni Bekliyor<\/h2><div class=\"vcex-feature-box-text wpex-last-mb-0 wpex-clr\"><h2 class=\"vcex-feature-box-heading\"><strong style=\"font-size: 16px\">Sim\u00fclasyona Haz\u0131rl\u0131k, Manager Sim\u00fclasyonu ile 40 yeni g\u00f6rev seni bekliyor!<\/strong><\/h2>\n<div class=\"vcex-feature-box-text clr\">\n<p>Sim\u00fclasyona Haz\u0131rl\u0131k \u00e7al\u0131\u015fmam\u0131zla Online De\u011ferlendirme Merkezi s\u00fcrecine seni bekleyen 40 farkl\u0131 g\u00f6revle haz\u0131rlanabilirsiniz.<\/p>\n<p>Sim\u00fclasyon s\u00fcresince bir \u015firket i\u00e7inde senden beklenen Planlama, Delegasyon, Geribildirim, \u00d6nceliklendirme, Durumsal Karar Alma gibi farkl\u0131 g\u00f6revleri 5 Mod\u00fcl i\u00e7inde toplam 6 saat s\u00fcresince ger\u00e7ekle\u015ftireceksiniz.<\/p>\n<p>Sim\u00fclasyona Haz\u0131rl\u0131k yetkinliklerini geli\u015ftirmek ve Online Sim\u00fclasyonu deneyimlemek i\u00e7in ileti\u015fim bilgilerimizden bize ula\u015fabilirsiniz.<\/p>\n<p>\u0130leti\u015fim: bilgi@risusinternational.com<br \/>\nT: 0 216 3218683<br \/>\nGSM: 0 5336563819<\/p>\n<p>www.risusinternational.com www.degerlendirmemerkezinehazirlik.com<\/p>\n<\/div>\n<\/div><\/div><\/div>[vc_separator]<div class=\"vcex-module vcex-feature-box wpex-flex wpex-flex-col wpex-sm-flex-row-reverse wpex-justify-between wpex-gap-30 left-content-right-image\"><div class=\"vcex-feature-box-media wpex-sm-w-50\"><div class=\"vcex-feature-box-image wpex-relative wpex-sm-text-right\"><img width=\"1179\" height=\"1668\" src=\"https:\/\/degerlendirmemerkezinehazirlik.com\/wp-content\/uploads\/2024\/02\/Leader-Simulasyonu.jpg\" class=\"attachment-full size-full\" alt=\"\" loading=\"lazy\" srcset=\"https:\/\/degerlendirmemerkezinehazirlik.com\/wp-content\/uploads\/2024\/02\/Leader-Simulasyonu.jpg 1179w, https:\/\/degerlendirmemerkezinehazirlik.com\/wp-content\/uploads\/2024\/02\/Leader-Simulasyonu-212x300.jpg 212w, https:\/\/degerlendirmemerkezinehazirlik.com\/wp-content\/uploads\/2024\/02\/Leader-Simulasyonu-724x1024.jpg 724w, https:\/\/degerlendirmemerkezinehazirlik.com\/wp-content\/uploads\/2024\/02\/Leader-Simulasyonu-768x1087.jpg 768w, https:\/\/degerlendirmemerkezinehazirlik.com\/wp-content\/uploads\/2024\/02\/Leader-Simulasyonu-1086x1536.jpg 1086w, https:\/\/degerlendirmemerkezinehazirlik.com\/wp-content\/uploads\/2024\/02\/Leader-Simulasyonu-600x849.jpg 600w\" sizes=\"(max-width: 1179px) 100vw, 1179px\" \/><\/div><\/div><div class=\"vcex-feature-box-content wpex-sm-w-50 wpex-clr\"><h2 class=\"vcex-feature-box-heading wpex-heading wpex-text-lg wpex-mb-20\">\u00dcst Y\u00f6netim Leader Sim\u00fclasyonuna Haz\u0131rl\u0131k<\/h2><div class=\"vcex-feature-box-text wpex-last-mb-0 wpex-clr\"><h5 class=\"vcex-feature-box-heading\"><span style=\"color: var(--wpex-text-2)\">\u00dcst Y\u00f6netim Leader Sim\u00fclasyonu ile C Level ve Direkt\u00f6r pozisyonu terfi ve i\u015fe al\u0131m s\u00fcre\u00e7lerine haz\u0131rl\u0131k program\u0131m\u0131z en \u00e7ok tercih edilen Y\u00f6netici Geli\u015fim program\u0131m\u0131z.<\/span><\/h5>\n<div class=\"vcex-feature-box-text clr\">\n<p>Leader Sim\u00fclasyonu Haz\u0131rl\u0131k \u00e7al\u0131\u015fmam\u0131zla Online De\u011ferlendirme Merkezi s\u00fcrecinde sizi bekleyen 5 farkl\u0131 g\u00f6revle haz\u0131rlanabilirsiniz.<\/p>\n<p>Sim\u00fclasyon s\u00fcresince bir \u015firket i\u00e7inde sizden beklenen Stratejik \u0130\u015f Plan\u0131 Olu\u015fturma ve Sunma, E-Postalar\u0131 Cevaplama ve Delege Etme. Rol \u00c7al\u0131\u015fmas\u0131 \u00c7al\u0131\u015fan Geribildirim ve Payda\u015f G\u00f6r\u00fc\u015fmesi \u0130kna ve \u0130\u015fbirli\u011fi Olu\u015fturma gibi farkl\u0131 g\u00f6revleri dan\u0131\u015fman\u0131m\u0131zla ve online sim\u00fclasyonla 6 saat s\u00fcresince ger\u00e7ekle\u015ftireceksiniz.<\/p>\n<p>\u00dcst Y\u00f6netim Leader Sim\u00fclasyonu Haz\u0131rl\u0131k ile hedefledi\u011finiz ve aday oldu\u011funuz pozisyonun yetkinliklerini kazanmak ve Online Sim\u00fclasyona kat\u0131lmak i\u00e7in ileti\u015fim bilgilerimizden bize ula\u015fabilirsiniz.<\/p>\n<p>Program Kay\u0131t:<\/p>\n<p>E-Posta: bilgi@risusinternational.com<br \/>\nT: 0 216 3218683<br \/>\nGSM: 0 533 037 91 27<br \/>\nwww.risusinternational.com<\/p>\n<p>www.risusinternational.com www.degerlendirmemerkezinehazirlik.com<\/p>\n<\/div>\n<\/div><\/div><\/div>[\/vc_column][\/vc_row]\n","protected":false},"excerpt":{"rendered":"<p>[vc_row][vc_column][\/vc_column][\/vc_row][vc_row][vc_column][\/vc_column][vc_column][\/vc_column][\/vc_row][vc_row][vc_column][vc_separator][\/vc_column][\/vc_row]<\/p>\n","protected":false},"author":1,"featured_media":0,"parent":0,"menu_order":0,"comment_status":"closed","ping_status":"closed","template":"","meta":[],"_links":{"self":[{"href":"https:\/\/degerlendirmemerkezinehazirlik.com\/index.php\/wp-json\/wp\/v2\/pages\/5770"}],"collection":[{"href":"https:\/\/degerlendirmemerkezinehazirlik.com\/index.php\/wp-json\/wp\/v2\/pages"}],"about":[{"href":"https:\/\/degerlendirmemerkezinehazirlik.com\/index.php\/wp-json\/wp\/v2\/types\/page"}],"author":[{"embeddable":true,"href":"https:\/\/degerlendirmemerkezinehazirlik.com\/index.php\/wp-json\/wp\/v2\/users\/1"}],"replies":[{"embeddable":true,"href":"https:\/\/degerlendirmemerkezinehazirlik.com\/index.php\/wp-json\/wp\/v2\/comments?post=5770"}],"version-history":[{"count":170,"href":"https:\/\/degerlendirmemerkezinehazirlik.com\/index.php\/wp-json\/wp\/v2\/pages\/5770\/revisions"}],"predecessor-version":[{"id":6196,"href":"https:\/\/degerlendirmemerkezinehazirlik.com\/index.php\/wp-json\/wp\/v2\/pages\/5770\/revisions\/6196"}],"wp:attachment":[{"href":"https:\/\/degerlendirmemerkezinehazirlik.com\/index.php\/wp-json\/wp\/v2\/media?parent=5770"}],"curies":[{"name":"wp","href":"https:\/\/api.w.org\/{rel}","templated":true}]}}