{"id":5998,"date":"2024-05-30T18:12:55","date_gmt":"2024-05-30T15:12:55","guid":{"rendered":"https:\/\/degerlendirmemerkezinehazirlik.com\/?page_id=5998"},"modified":"2024-05-30T18:41:46","modified_gmt":"2024-05-30T15:41:46","slug":"egitim-videolarimiz","status":"publish","type":"page","link":"https:\/\/degerlendirmemerkezinehazirlik.com\/index.php\/egitim-videolarimiz\/","title":{"rendered":"E\u011fitim Videolar\u0131m\u0131z"},"content":{"rendered":"[vc_row][vc_column width=&#8221;1\/2&#8243;][vc_video link=&#8221;https:\/\/www.youtube.com\/watch?v=Up0sC7murz4&#8243; title=&#8221;Vaka Analizi ve Sunum&#8221;][\/vc_column][vc_column width=&#8221;1\/2&#8243;][vc_video link=&#8221;https:\/\/www.youtube.com\/watch?v=mwvvhIu2X9I&#8221; title=&#8221;Swot Analizi&#8221;][\/vc_column][\/vc_row][vc_row][vc_column width=&#8221;1\/2&#8243;][vc_video link=&#8221;https:\/\/www.youtube.com\/watch?v=oGliHGGb2SE&#8221; title=&#8221;Vaka ve \u00dcr\u00fcn Analizi 4P Aksiyon Plan\u0131&#8221;][\/vc_column][vc_column width=&#8221;1\/2&#8243;][vc_video link=&#8221;https:\/\/www.youtube.com\/watch?v=gkU5OO-_Xqc&#8221; title=&#8221;Grup \u00c7al\u0131\u015fmas\u0131 ve Payda\u015f G\u00f6r\u00fc\u015fmesi&#8221;][\/vc_column][\/vc_row][vc_row][vc_column width=&#8221;1\/2&#8243;][vc_video link=&#8221;https:\/\/www.youtube.com\/watch?v=fS6lVQssqAk&#8221; title=&#8221;Posta Kutusu ve Bekleyen \u0130\u015fler&#8221;][\/vc_column][vc_column width=&#8221;1\/2&#8243;][vc_video link=&#8221;https:\/\/www.youtube.com\/watch?v=GeUON2T-v4U&#8221; title=&#8221;Rol \u00c7al\u0131\u015fmas\u0131 &#8220;][\/vc_column][\/vc_row][vc_row][vc_column width=&#8221;1\/2&#8243;][vc_video link=&#8221;https:\/\/www.youtube.com\/watch?v=3ejeAmLWB0c&#8221; title=&#8221;Rol \u00c7al\u0131\u015fmas\u0131 \u00c7al\u0131\u015fan Geribildirimi&#8221;][\/vc_column][vc_column width=&#8221;1\/2&#8243;][vc_video link=&#8221;https:\/\/www.youtube.com\/watch?v=q8MTifXELYY&#8221; title=&#8221;De\u011ferlendirme Merkezi Nedir?&#8221;][\/vc_column][\/vc_row][vc_row][vc_column width=&#8221;1\/2&#8243;][vc_video link=&#8221;https:\/\/www.youtube.com\/watch?v=nInt_6bO9fE&#8221; title=&#8221;De\u011ferlendirme Merkezinde Ba\u015far\u0131l\u0131 Olman\u0131n \u0130pu\u00e7lar\u0131&#8221;][\/vc_column][vc_column width=&#8221;1\/2&#8243;][vc_video link=&#8221;https:\/\/www.youtube.com\/watch?v=fsx9p09_u2E&#8221; title=&#8221;Online De\u011ferlendirme Merkezi S\u00fcreci A\u015famalar\u0131&#8221;][\/vc_column][\/vc_row][vc_row][vc_column][vc_cta h2=&#8221;De\u011ferlendirme Merkezine Haz\u0131rl\u0131k&#8221; color=&#8221;white&#8221; css=&#8221;.vc_custom_1717083599891{background-color: #f96509 !important;}&#8221;]<span class=\"white-text\">De\u011ferlendirme Merkezine Haz\u0131rl\u0131k E\u011fitimlerimize kat\u0131lmak ve de\u011ferlendirme merkezi projelerimizle ilgili bilgi almak i\u00e7in dan\u0131\u015fmanlar\u0131m\u0131zla ileti\u015fime ge\u00e7in[\/vc_cta][\/vc_column][\/vc_row]\n","protected":false},"excerpt":{"rendered":"<p>[vc_row][vc_column width=&#8221;1\/2&#8243;][vc_video link=&#8221;https:\/\/www.youtube.com\/watch?v=Up0sC7murz4&#8243; title=&#8221;Vaka Analizi ve Sunum&#8221;][\/vc_column][vc_column width=&#8221;1\/2&#8243;][vc_video link=&#8221;https:\/\/www.youtube.com\/watch?v=mwvvhIu2X9I&#8221; title=&#8221;Swot Analizi&#8221;][\/vc_column][\/vc_row][vc_row][vc_column width=&#8221;1\/2&#8243;][vc_video link=&#8221;https:\/\/www.youtube.com\/watch?v=oGliHGGb2SE&#8221; title=&#8221;Vaka ve \u00dcr\u00fcn Analizi 4P Aksiyon Plan\u0131&#8221;][\/vc_column][vc_column width=&#8221;1\/2&#8243;][vc_video link=&#8221;https:\/\/www.youtube.com\/watch?v=gkU5OO-_Xqc&#8221; title=&#8221;Grup \u00c7al\u0131\u015fmas\u0131 ve Payda\u015f G\u00f6r\u00fc\u015fmesi&#8221;][\/vc_column][\/vc_row][vc_row][vc_column width=&#8221;1\/2&#8243;][vc_video link=&#8221;https:\/\/www.youtube.com\/watch?v=fS6lVQssqAk&#8221; title=&#8221;Posta Kutusu ve Bekleyen \u0130\u015fler&#8221;][\/vc_column][vc_column width=&#8221;1\/2&#8243;][vc_video link=&#8221;https:\/\/www.youtube.com\/watch?v=GeUON2T-v4U&#8221; title=&#8221;Rol \u00c7al\u0131\u015fmas\u0131 &#8220;][\/vc_column][\/vc_row][vc_row][vc_column width=&#8221;1\/2&#8243;][vc_video link=&#8221;https:\/\/www.youtube.com\/watch?v=3ejeAmLWB0c&#8221; title=&#8221;Rol \u00c7al\u0131\u015fmas\u0131 \u00c7al\u0131\u015fan Geribildirimi&#8221;][\/vc_column][vc_column width=&#8221;1\/2&#8243;][vc_video link=&#8221;https:\/\/www.youtube.com\/watch?v=q8MTifXELYY&#8221; title=&#8221;De\u011ferlendirme Merkezi Nedir?&#8221;][\/vc_column][\/vc_row][vc_row][vc_column width=&#8221;1\/2&#8243;][vc_video link=&#8221;https:\/\/www.youtube.com\/watch?v=nInt_6bO9fE&#8221; title=&#8221;De\u011ferlendirme Merkezinde Ba\u015far\u0131l\u0131&hellip;<\/p>\n","protected":false},"author":1,"featured_media":0,"parent":0,"menu_order":0,"comment_status":"closed","ping_status":"closed","template":"","meta":[],"_links":{"self":[{"href":"https:\/\/degerlendirmemerkezinehazirlik.com\/index.php\/wp-json\/wp\/v2\/pages\/5998"}],"collection":[{"href":"https:\/\/degerlendirmemerkezinehazirlik.com\/index.php\/wp-json\/wp\/v2\/pages"}],"about":[{"href":"https:\/\/degerlendirmemerkezinehazirlik.com\/index.php\/wp-json\/wp\/v2\/types\/page"}],"author":[{"embeddable":true,"href":"https:\/\/degerlendirmemerkezinehazirlik.com\/index.php\/wp-json\/wp\/v2\/users\/1"}],"replies":[{"embeddable":true,"href":"https:\/\/degerlendirmemerkezinehazirlik.com\/index.php\/wp-json\/wp\/v2\/comments?post=5998"}],"version-history":[{"count":15,"href":"https:\/\/degerlendirmemerkezinehazirlik.com\/index.php\/wp-json\/wp\/v2\/pages\/5998\/revisions"}],"predecessor-version":[{"id":6014,"href":"https:\/\/degerlendirmemerkezinehazirlik.com\/index.php\/wp-json\/wp\/v2\/pages\/5998\/revisions\/6014"}],"wp:attachment":[{"href":"https:\/\/degerlendirmemerkezinehazirlik.com\/index.php\/wp-json\/wp\/v2\/media?parent=5998"}],"curies":[{"name":"wp","href":"https:\/\/api.w.org\/{rel}","templated":true}]}}